{"id":10054,"date":"2022-08-05T23:27:48","date_gmt":"2022-08-05T20:27:48","guid":{"rendered":"https:\/\/www.larnitech.com\/?post_type=product&#038;p=10054"},"modified":"2024-01-19T23:16:13","modified_gmt":"2024-01-19T21:16:13","slug":"dw-hc10","status":"publish","type":"product","link":"https:\/\/www.larnitech.com\/es\/product\/dw-hc10\/","title":{"rendered":"DW-HC10"},"content":{"rendered":"<p>El dispositivo est\u00e1 dise\u00f1ado para controlar dispositivos de calefacci\u00f3n (radiadores, calefacci\u00f3n por suelo radiante, unidades de ventiloconvectores, etc.).<br \/>\nEl dispositivo est\u00e1 equipado con 10 canales de entrada para la conexi\u00f3n de sensores de temperatura.<\/p>\n","protected":false},"featured_media":7238,"template":"","meta":{"inline_featured_image":false,"footnotes":""},"products":[38],"class_list":["post-10054","product","type-product","status-publish","has-post-thumbnail","hentry","products-din-rail-actuators"],"acf":[],"yoast_head":"<!-- This site is optimized with the Yoast SEO Premium plugin v19.0.1 (Yoast SEO v19.12) - https:\/\/yoast.com\/wordpress\/plugins\/seo\/ -->\n<title>DW-HC10 - Larnitech<\/title>\n<meta name=\"robots\" content=\"index, follow, max-snippet:-1, max-image-preview:large, max-video-preview:-1\" \/>\n<meta property=\"og:locale\" content=\"es_ES\" \/>\n<meta property=\"og:type\" content=\"article\" \/>\n<meta property=\"og:title\" content=\"DW-HC10\" \/>\n<meta property=\"og:description\" content=\"El dispositivo est\u00e1 dise\u00f1ado para controlar dispositivos de calefacci\u00f3n (radiadores, calefacci\u00f3n por suelo radiante, unidades de ventiloconvectores, etc.). El dispositivo est\u00e1 equipado con 10 canales de entrada para la conexi\u00f3n de sensores de temperatura.\" \/>\n<meta property=\"og:url\" content=\"https:\/\/www.larnitech.com\/es\/product\/dw-hc10\/\" \/>\n<meta property=\"og:site_name\" content=\"Larnitech\" \/>\n<meta property=\"article:modified_time\" content=\"2024-01-19T21:16:13+00:00\" \/>\n<meta property=\"og:image\" content=\"https:\/\/www.larnitech.com\/wp-content\/uploads\/2022\/08\/DW-HC10f.png\" \/>\n\t<meta property=\"og:image:width\" content=\"500\" \/>\n\t<meta property=\"og:image:height\" content=\"500\" \/>\n\t<meta property=\"og:image:type\" content=\"image\/png\" \/>\n<meta name=\"twitter:card\" content=\"summary_large_image\" \/>\n<meta name=\"twitter:label1\" content=\"Tiempo de lectura\" \/>\n\t<meta name=\"twitter:data1\" content=\"1 minuto\" \/>\n<script type=\"application\/ld+json\" class=\"yoast-schema-graph\">{\"@context\":\"https:\/\/schema.org\",\"@graph\":[{\"@type\":\"WebPage\",\"@id\":\"https:\/\/www.larnitech.com\/es\/product\/dw-hc10\/\",\"url\":\"https:\/\/www.larnitech.com\/es\/product\/dw-hc10\/\",\"name\":\"DW-HC10 - Larnitech\",\"isPartOf\":{\"@id\":\"https:\/\/www.larnitech.com\/#website\"},\"datePublished\":\"2022-08-05T20:27:48+00:00\",\"dateModified\":\"2024-01-19T21:16:13+00:00\",\"breadcrumb\":{\"@id\":\"https:\/\/www.larnitech.com\/es\/product\/dw-hc10\/#breadcrumb\"},\"inLanguage\":\"es\",\"potentialAction\":[{\"@type\":\"ReadAction\",\"target\":[\"https:\/\/www.larnitech.com\/es\/product\/dw-hc10\/\"]}]},{\"@type\":\"BreadcrumbList\",\"@id\":\"https:\/\/www.larnitech.com\/es\/product\/dw-hc10\/#breadcrumb\",\"itemListElement\":[{\"@type\":\"ListItem\",\"position\":1,\"name\":\"Home\",\"item\":\"https:\/\/www.larnitech.com\/es\/\"},{\"@type\":\"ListItem\",\"position\":2,\"name\":\"Products\",\"item\":\"https:\/\/www.larnitech.com\/ua\/product\/\"},{\"@type\":\"ListItem\",\"position\":3,\"name\":\"DW-HC10\"}]},{\"@type\":\"WebSite\",\"@id\":\"https:\/\/www.larnitech.com\/#website\",\"url\":\"https:\/\/www.larnitech.com\/\",\"name\":\"Larnitech\",\"description\":\"\",\"publisher\":{\"@id\":\"https:\/\/www.larnitech.com\/#organization\"},\"potentialAction\":[{\"@type\":\"SearchAction\",\"target\":{\"@type\":\"EntryPoint\",\"urlTemplate\":\"https:\/\/www.larnitech.com\/?s={search_term_string}\"},\"query-input\":\"required name=search_term_string\"}],\"inLanguage\":\"es\"},{\"@type\":\"Organization\",\"@id\":\"https:\/\/www.larnitech.com\/#organization\",\"name\":\"Larnitech\",\"url\":\"https:\/\/www.larnitech.com\/\",\"logo\":{\"@type\":\"ImageObject\",\"inLanguage\":\"es\",\"@id\":\"https:\/\/www.larnitech.com\/#\/schema\/logo\/image\/\",\"url\":\"https:\/\/www.larnitech.com\/wp-content\/uploads\/2022\/01\/logo_white.png\",\"contentUrl\":\"https:\/\/www.larnitech.com\/wp-content\/uploads\/2022\/01\/logo_white.png\",\"width\":1262,\"height\":274,\"caption\":\"Larnitech\"},\"image\":{\"@id\":\"https:\/\/www.larnitech.com\/#\/schema\/logo\/image\/\"}}]}<\/script>\n<!-- \/ Yoast SEO Premium plugin. -->","yoast_head_json":{"title":"DW-HC10 - Larnitech","robots":{"index":"index","follow":"follow","max-snippet":"max-snippet:-1","max-image-preview":"max-image-preview:large","max-video-preview":"max-video-preview:-1"},"og_locale":"es_ES","og_type":"article","og_title":"DW-HC10","og_description":"El dispositivo est\u00e1 dise\u00f1ado para controlar dispositivos de calefacci\u00f3n (radiadores, calefacci\u00f3n por suelo radiante, unidades de ventiloconvectores, etc.). El dispositivo est\u00e1 equipado con 10 canales de entrada para la conexi\u00f3n de sensores de temperatura.","og_url":"https:\/\/www.larnitech.com\/es\/product\/dw-hc10\/","og_site_name":"Larnitech","article_modified_time":"2024-01-19T21:16:13+00:00","og_image":[{"width":500,"height":500,"url":"https:\/\/www.larnitech.com\/wp-content\/uploads\/2022\/08\/DW-HC10f.png","type":"image\/png"}],"twitter_card":"summary_large_image","twitter_misc":{"Tiempo de lectura":"1 minuto"},"schema":{"@context":"https:\/\/schema.org","@graph":[{"@type":"WebPage","@id":"https:\/\/www.larnitech.com\/es\/product\/dw-hc10\/","url":"https:\/\/www.larnitech.com\/es\/product\/dw-hc10\/","name":"DW-HC10 - Larnitech","isPartOf":{"@id":"https:\/\/www.larnitech.com\/#website"},"datePublished":"2022-08-05T20:27:48+00:00","dateModified":"2024-01-19T21:16:13+00:00","breadcrumb":{"@id":"https:\/\/www.larnitech.com\/es\/product\/dw-hc10\/#breadcrumb"},"inLanguage":"es","potentialAction":[{"@type":"ReadAction","target":["https:\/\/www.larnitech.com\/es\/product\/dw-hc10\/"]}]},{"@type":"BreadcrumbList","@id":"https:\/\/www.larnitech.com\/es\/product\/dw-hc10\/#breadcrumb","itemListElement":[{"@type":"ListItem","position":1,"name":"Home","item":"https:\/\/www.larnitech.com\/es\/"},{"@type":"ListItem","position":2,"name":"Products","item":"https:\/\/www.larnitech.com\/ua\/product\/"},{"@type":"ListItem","position":3,"name":"DW-HC10"}]},{"@type":"WebSite","@id":"https:\/\/www.larnitech.com\/#website","url":"https:\/\/www.larnitech.com\/","name":"Larnitech","description":"","publisher":{"@id":"https:\/\/www.larnitech.com\/#organization"},"potentialAction":[{"@type":"SearchAction","target":{"@type":"EntryPoint","urlTemplate":"https:\/\/www.larnitech.com\/?s={search_term_string}"},"query-input":"required name=search_term_string"}],"inLanguage":"es"},{"@type":"Organization","@id":"https:\/\/www.larnitech.com\/#organization","name":"Larnitech","url":"https:\/\/www.larnitech.com\/","logo":{"@type":"ImageObject","inLanguage":"es","@id":"https:\/\/www.larnitech.com\/#\/schema\/logo\/image\/","url":"https:\/\/www.larnitech.com\/wp-content\/uploads\/2022\/01\/logo_white.png","contentUrl":"https:\/\/www.larnitech.com\/wp-content\/uploads\/2022\/01\/logo_white.png","width":1262,"height":274,"caption":"Larnitech"},"image":{"@id":"https:\/\/www.larnitech.com\/#\/schema\/logo\/image\/"}}]}},"_links":{"self":[{"href":"https:\/\/www.larnitech.com\/es\/wp-json\/wp\/v2\/product\/10054","targetHints":{"allow":["GET"]}}],"collection":[{"href":"https:\/\/www.larnitech.com\/es\/wp-json\/wp\/v2\/product"}],"about":[{"href":"https:\/\/www.larnitech.com\/es\/wp-json\/wp\/v2\/types\/product"}],"version-history":[{"count":5,"href":"https:\/\/www.larnitech.com\/es\/wp-json\/wp\/v2\/product\/10054\/revisions"}],"predecessor-version":[{"id":13769,"href":"https:\/\/www.larnitech.com\/es\/wp-json\/wp\/v2\/product\/10054\/revisions\/13769"}],"wp:featuredmedia":[{"embeddable":true,"href":"https:\/\/www.larnitech.com\/es\/wp-json\/wp\/v2\/media\/7238"}],"wp:attachment":[{"href":"https:\/\/www.larnitech.com\/es\/wp-json\/wp\/v2\/media?parent=10054"}],"wp:term":[{"taxonomy":"products","embeddable":true,"href":"https:\/\/www.larnitech.com\/es\/wp-json\/wp\/v2\/products?post=10054"}],"curies":[{"name":"wp","href":"https:\/\/api.w.org\/{rel}","templated":true}]}}