{"id":9559,"date":"2023-10-22T20:24:23","date_gmt":"2023-10-22T17:24:23","guid":{"rendered":"https:\/\/www.larnitech.com\/?page_id=9559"},"modified":"2023-10-22T20:24:23","modified_gmt":"2023-10-22T17:24:23","slug":"garantia","status":"publish","type":"page","link":"https:\/\/www.larnitech.com\/es\/garantia\/","title":{"rendered":"Garant\u00eda"},"content":{"rendered":"<p>Los equipos del sistema de automatizaci\u00f3n Larnitech est\u00e1n fabricados con componentes de alta calidad de marcas mundialmente famosas,<\/p>\n<p>y tambi\u00e9n tiene un sistema de control de calidad de varias etapas en cada etapa de producci\u00f3n,<\/p>\n<p>lo que nos permite lograr una alta tolerancia a fallos de nuestros equipos.<\/p>\n<p>Para toda la l\u00ednea de nuestros equipos, brindamos 2 a\u00f1os de garant\u00eda, soporte t\u00e9cnico, garant\u00eda y servicio posgarant\u00eda.<\/p>\n","protected":false},"excerpt":{"rendered":"<p>Los equipos del sistema de automatizaci\u00f3n Larnitech est\u00e1n fabricados con componentes de alta calidad de marcas mundialmente famosas, y tambi\u00e9n tiene un sistema de control de calidad de varias etapas en cada etapa de producci\u00f3n, lo que nos permite lograr una alta tolerancia a fallos de nuestros equipos. Para toda la l\u00ednea de nuestros equipos,&#8230;<\/p>\n","protected":false},"author":5,"featured_media":0,"parent":0,"menu_order":0,"comment_status":"closed","ping_status":"closed","template":"","meta":{"inline_featured_image":false,"footnotes":""},"class_list":["post-9559","page","type-page","status-publish","hentry"],"acf":[],"yoast_head":"<!-- This site is optimized with the Yoast SEO Premium plugin v19.0.1 (Yoast SEO v19.12) - https:\/\/yoast.com\/wordpress\/plugins\/seo\/ -->\n<title>Garant\u00eda - Larnitech<\/title>\n<meta name=\"robots\" content=\"index, follow, max-snippet:-1, max-image-preview:large, max-video-preview:-1\" \/>\n<meta property=\"og:locale\" content=\"es_ES\" \/>\n<meta property=\"og:type\" content=\"article\" \/>\n<meta property=\"og:title\" content=\"Garant\u00eda\" \/>\n<meta property=\"og:description\" content=\"Los equipos del sistema de automatizaci\u00f3n Larnitech est\u00e1n fabricados con componentes de alta calidad de marcas mundialmente famosas, y tambi\u00e9n tiene un sistema de control de calidad de varias etapas en cada etapa de producci\u00f3n, lo que nos permite lograr una alta tolerancia a fallos de nuestros equipos. Para toda la l\u00ednea de nuestros equipos,...\" \/>\n<meta property=\"og:url\" content=\"https:\/\/www.larnitech.com\/es\/garantia\/\" \/>\n<meta property=\"og:site_name\" content=\"Larnitech\" \/>\n<meta name=\"twitter:card\" content=\"summary_large_image\" \/>\n<script type=\"application\/ld+json\" class=\"yoast-schema-graph\">{\"@context\":\"https:\/\/schema.org\",\"@graph\":[{\"@type\":\"WebPage\",\"@id\":\"https:\/\/www.larnitech.com\/es\/garantia\/\",\"url\":\"https:\/\/www.larnitech.com\/es\/garantia\/\",\"name\":\"Garant\u00eda - Larnitech\",\"isPartOf\":{\"@id\":\"https:\/\/www.larnitech.com\/#website\"},\"datePublished\":\"2023-10-22T17:24:23+00:00\",\"dateModified\":\"2023-10-22T17:24:23+00:00\",\"breadcrumb\":{\"@id\":\"https:\/\/www.larnitech.com\/es\/garantia\/#breadcrumb\"},\"inLanguage\":\"es\",\"potentialAction\":[{\"@type\":\"ReadAction\",\"target\":[\"https:\/\/www.larnitech.com\/es\/garantia\/\"]}]},{\"@type\":\"BreadcrumbList\",\"@id\":\"https:\/\/www.larnitech.com\/es\/garantia\/#breadcrumb\",\"itemListElement\":[{\"@type\":\"ListItem\",\"position\":1,\"name\":\"Home\",\"item\":\"https:\/\/www.larnitech.com\/es\/\"},{\"@type\":\"ListItem\",\"position\":2,\"name\":\"Garant\u00eda\"}]},{\"@type\":\"WebSite\",\"@id\":\"https:\/\/www.larnitech.com\/#website\",\"url\":\"https:\/\/www.larnitech.com\/\",\"name\":\"Larnitech\",\"description\":\"\",\"publisher\":{\"@id\":\"https:\/\/www.larnitech.com\/#organization\"},\"potentialAction\":[{\"@type\":\"SearchAction\",\"target\":{\"@type\":\"EntryPoint\",\"urlTemplate\":\"https:\/\/www.larnitech.com\/?s={search_term_string}\"},\"query-input\":\"required name=search_term_string\"}],\"inLanguage\":\"es\"},{\"@type\":\"Organization\",\"@id\":\"https:\/\/www.larnitech.com\/#organization\",\"name\":\"Larnitech\",\"url\":\"https:\/\/www.larnitech.com\/\",\"logo\":{\"@type\":\"ImageObject\",\"inLanguage\":\"es\",\"@id\":\"https:\/\/www.larnitech.com\/#\/schema\/logo\/image\/\",\"url\":\"https:\/\/www.larnitech.com\/wp-content\/uploads\/2022\/01\/logo_white.png\",\"contentUrl\":\"https:\/\/www.larnitech.com\/wp-content\/uploads\/2022\/01\/logo_white.png\",\"width\":1262,\"height\":274,\"caption\":\"Larnitech\"},\"image\":{\"@id\":\"https:\/\/www.larnitech.com\/#\/schema\/logo\/image\/\"}}]}<\/script>\n<!-- \/ Yoast SEO Premium plugin. -->","yoast_head_json":{"title":"Garant\u00eda - Larnitech","robots":{"index":"index","follow":"follow","max-snippet":"max-snippet:-1","max-image-preview":"max-image-preview:large","max-video-preview":"max-video-preview:-1"},"og_locale":"es_ES","og_type":"article","og_title":"Garant\u00eda","og_description":"Los equipos del sistema de automatizaci\u00f3n Larnitech est\u00e1n fabricados con componentes de alta calidad de marcas mundialmente famosas, y tambi\u00e9n tiene un sistema de control de calidad de varias etapas en cada etapa de producci\u00f3n, lo que nos permite lograr una alta tolerancia a fallos de nuestros equipos. Para toda la l\u00ednea de nuestros equipos,...","og_url":"https:\/\/www.larnitech.com\/es\/garantia\/","og_site_name":"Larnitech","twitter_card":"summary_large_image","schema":{"@context":"https:\/\/schema.org","@graph":[{"@type":"WebPage","@id":"https:\/\/www.larnitech.com\/es\/garantia\/","url":"https:\/\/www.larnitech.com\/es\/garantia\/","name":"Garant\u00eda - Larnitech","isPartOf":{"@id":"https:\/\/www.larnitech.com\/#website"},"datePublished":"2023-10-22T17:24:23+00:00","dateModified":"2023-10-22T17:24:23+00:00","breadcrumb":{"@id":"https:\/\/www.larnitech.com\/es\/garantia\/#breadcrumb"},"inLanguage":"es","potentialAction":[{"@type":"ReadAction","target":["https:\/\/www.larnitech.com\/es\/garantia\/"]}]},{"@type":"BreadcrumbList","@id":"https:\/\/www.larnitech.com\/es\/garantia\/#breadcrumb","itemListElement":[{"@type":"ListItem","position":1,"name":"Home","item":"https:\/\/www.larnitech.com\/es\/"},{"@type":"ListItem","position":2,"name":"Garant\u00eda"}]},{"@type":"WebSite","@id":"https:\/\/www.larnitech.com\/#website","url":"https:\/\/www.larnitech.com\/","name":"Larnitech","description":"","publisher":{"@id":"https:\/\/www.larnitech.com\/#organization"},"potentialAction":[{"@type":"SearchAction","target":{"@type":"EntryPoint","urlTemplate":"https:\/\/www.larnitech.com\/?s={search_term_string}"},"query-input":"required name=search_term_string"}],"inLanguage":"es"},{"@type":"Organization","@id":"https:\/\/www.larnitech.com\/#organization","name":"Larnitech","url":"https:\/\/www.larnitech.com\/","logo":{"@type":"ImageObject","inLanguage":"es","@id":"https:\/\/www.larnitech.com\/#\/schema\/logo\/image\/","url":"https:\/\/www.larnitech.com\/wp-content\/uploads\/2022\/01\/logo_white.png","contentUrl":"https:\/\/www.larnitech.com\/wp-content\/uploads\/2022\/01\/logo_white.png","width":1262,"height":274,"caption":"Larnitech"},"image":{"@id":"https:\/\/www.larnitech.com\/#\/schema\/logo\/image\/"}}]}},"_links":{"self":[{"href":"https:\/\/www.larnitech.com\/es\/wp-json\/wp\/v2\/pages\/9559","targetHints":{"allow":["GET"]}}],"collection":[{"href":"https:\/\/www.larnitech.com\/es\/wp-json\/wp\/v2\/pages"}],"about":[{"href":"https:\/\/www.larnitech.com\/es\/wp-json\/wp\/v2\/types\/page"}],"author":[{"embeddable":true,"href":"https:\/\/www.larnitech.com\/es\/wp-json\/wp\/v2\/users\/5"}],"replies":[{"embeddable":true,"href":"https:\/\/www.larnitech.com\/es\/wp-json\/wp\/v2\/comments?post=9559"}],"version-history":[{"count":1,"href":"https:\/\/www.larnitech.com\/es\/wp-json\/wp\/v2\/pages\/9559\/revisions"}],"predecessor-version":[{"id":9560,"href":"https:\/\/www.larnitech.com\/es\/wp-json\/wp\/v2\/pages\/9559\/revisions\/9560"}],"wp:attachment":[{"href":"https:\/\/www.larnitech.com\/es\/wp-json\/wp\/v2\/media?parent=9559"}],"curies":[{"name":"wp","href":"https:\/\/api.w.org\/{rel}","templated":true}]}}