{"id":9555,"date":"2023-10-22T20:22:40","date_gmt":"2023-10-22T17:22:40","guid":{"rendered":"https:\/\/www.larnitech.com\/?page_id=9555"},"modified":"2023-10-22T20:22:40","modified_gmt":"2023-10-22T17:22:40","slug":"oficina-inteligente","status":"publish","type":"page","link":"https:\/\/www.larnitech.com\/es\/oficina-inteligente\/","title":{"rendered":"Oficina inteligente"},"content":{"rendered":"<h2>Sistema de oficina inteligente<\/h2>\n<p>Hoy en d\u00eda, un sistema de oficina inteligente se est\u00e1 convirtiendo en un signo de una empresa verdaderamente progresista y prestigiosa que se mantiene al d\u00eda. Esto ya no es un &#8220;capricho de los ricos&#8221;, sino una soluci\u00f3n funcional, confiable y segura que tiene demanda en todo el mundo.<\/p>\n<p>El sistema de hogar inteligente para oficina le brindar\u00e1 la oportunidad de administrar su negocio de la manera m\u00e1s eficiente posible, ahorrando tiempo en tareas rutinarias. Mientras tanto, usted y sus empleados trabajar\u00e1n en las condiciones m\u00e1s c\u00f3modas y en un espacio hogare\u00f1o.<\/p>\n<h3>Oficim\u00e1tica<\/h3>\n<p>\u00bfDe qu\u00e9 elementos consta dicho sistema? En primer lugar, incluye diferentes sensores que aumentan la seguridad: sensores de movimiento, apertura, fugas, nivel de CO2, humo, calidad del aire, fuego, temperatura y climatolog\u00eda externa.<\/p>\n<p>El sistema tambi\u00e9n incluye elementos que aumentan la comodidad en el uso de electrodom\u00e9sticos y equipos el\u00e9ctricos para su encendido\/apagado remoto.<\/p>\n<p>El tercer grupo de automatizaci\u00f3n incluye elementos como el control del clima, la iluminaci\u00f3n y la calefacci\u00f3n a distancia, en un momento determinado o seg\u00fan un horario establecido, o como respuesta autom\u00e1tica a la presencia de personas. El sistema de ofim\u00e1tica ahorra dinero a la empresa al reducir el consumo de electricidad y calor. Tambi\u00e9n mejora el ambiente de iluminaci\u00f3n en el lugar de trabajo al proporcionar luz natural cuando es necesaria durante el d\u00eda.<\/p>\n<p>El cuarto grupo de automatizaci\u00f3n se ocupa de los sistemas de automatizaci\u00f3n multimedia cada vez m\u00e1s populares (escenarios de iluminaci\u00f3n RGB, control integrado de equipos de audio y v\u00eddeo, proyectores, televisores, receptores de sat\u00e9lite).<\/p>\n<p>El quinto grupo son los sistemas de comunicaci\u00f3n Internet y GSM (control v\u00eda Internet o tel\u00e9fono m\u00f3vil desde cualquier parte del mundo, notificaci\u00f3n de eventos, etc.).<br \/>\nLa oficina es un lugar donde pasamos la mayor parte de nuestro tiempo. \u00a1Con la ayuda de la automatizaci\u00f3n, puede crear el espacio de oficina m\u00e1s eficiente y aumentar la productividad de sus trabajadores!<\/p>\n","protected":false},"excerpt":{"rendered":"<p>Sistema de oficina inteligente Hoy en d\u00eda, un sistema de oficina inteligente se est\u00e1 convirtiendo en un signo de una empresa verdaderamente progresista y prestigiosa que se mantiene al d\u00eda. Esto ya no es un &#8220;capricho de los ricos&#8221;, sino una soluci\u00f3n funcional, confiable y segura que tiene demanda en todo el mundo. El sistema&#8230;<\/p>\n","protected":false},"author":5,"featured_media":0,"parent":0,"menu_order":0,"comment_status":"closed","ping_status":"closed","template":"page-templates\/project.php","meta":{"inline_featured_image":false,"footnotes":""},"class_list":["post-9555","page","type-page","status-publish","hentry"],"acf":[],"yoast_head":"<!-- This site is optimized with the Yoast SEO Premium plugin v19.0.1 (Yoast SEO v19.12) - https:\/\/yoast.com\/wordpress\/plugins\/seo\/ -->\n<title>Oficina inteligente - Larnitech<\/title>\n<meta name=\"robots\" content=\"index, follow, max-snippet:-1, max-image-preview:large, max-video-preview:-1\" \/>\n<meta property=\"og:locale\" content=\"es_ES\" \/>\n<meta property=\"og:type\" content=\"article\" \/>\n<meta property=\"og:title\" content=\"Oficina inteligente\" \/>\n<meta property=\"og:description\" content=\"Sistema de oficina inteligente Hoy en d\u00eda, un sistema de oficina inteligente se est\u00e1 convirtiendo en un signo de una empresa verdaderamente progresista y prestigiosa que se mantiene al d\u00eda. Esto ya no es un &#8220;capricho de los ricos&#8221;, sino una soluci\u00f3n funcional, confiable y segura que tiene demanda en todo el mundo. El sistema...\" \/>\n<meta property=\"og:url\" content=\"https:\/\/www.larnitech.com\/es\/oficina-inteligente\/\" \/>\n<meta property=\"og:site_name\" content=\"Larnitech\" \/>\n<meta name=\"twitter:card\" content=\"summary_large_image\" \/>\n<meta name=\"twitter:label1\" content=\"Tiempo de lectura\" \/>\n\t<meta name=\"twitter:data1\" content=\"2 minutos\" \/>\n<script type=\"application\/ld+json\" class=\"yoast-schema-graph\">{\"@context\":\"https:\/\/schema.org\",\"@graph\":[{\"@type\":\"WebPage\",\"@id\":\"https:\/\/www.larnitech.com\/es\/oficina-inteligente\/\",\"url\":\"https:\/\/www.larnitech.com\/es\/oficina-inteligente\/\",\"name\":\"Oficina inteligente - Larnitech\",\"isPartOf\":{\"@id\":\"https:\/\/www.larnitech.com\/#website\"},\"datePublished\":\"2023-10-22T17:22:40+00:00\",\"dateModified\":\"2023-10-22T17:22:40+00:00\",\"breadcrumb\":{\"@id\":\"https:\/\/www.larnitech.com\/es\/oficina-inteligente\/#breadcrumb\"},\"inLanguage\":\"es\",\"potentialAction\":[{\"@type\":\"ReadAction\",\"target\":[\"https:\/\/www.larnitech.com\/es\/oficina-inteligente\/\"]}]},{\"@type\":\"BreadcrumbList\",\"@id\":\"https:\/\/www.larnitech.com\/es\/oficina-inteligente\/#breadcrumb\",\"itemListElement\":[{\"@type\":\"ListItem\",\"position\":1,\"name\":\"Home\",\"item\":\"https:\/\/www.larnitech.com\/es\/\"},{\"@type\":\"ListItem\",\"position\":2,\"name\":\"Oficina inteligente\"}]},{\"@type\":\"WebSite\",\"@id\":\"https:\/\/www.larnitech.com\/#website\",\"url\":\"https:\/\/www.larnitech.com\/\",\"name\":\"Larnitech\",\"description\":\"\",\"publisher\":{\"@id\":\"https:\/\/www.larnitech.com\/#organization\"},\"potentialAction\":[{\"@type\":\"SearchAction\",\"target\":{\"@type\":\"EntryPoint\",\"urlTemplate\":\"https:\/\/www.larnitech.com\/?s={search_term_string}\"},\"query-input\":\"required name=search_term_string\"}],\"inLanguage\":\"es\"},{\"@type\":\"Organization\",\"@id\":\"https:\/\/www.larnitech.com\/#organization\",\"name\":\"Larnitech\",\"url\":\"https:\/\/www.larnitech.com\/\",\"logo\":{\"@type\":\"ImageObject\",\"inLanguage\":\"es\",\"@id\":\"https:\/\/www.larnitech.com\/#\/schema\/logo\/image\/\",\"url\":\"https:\/\/www.larnitech.com\/wp-content\/uploads\/2022\/01\/logo_white.png\",\"contentUrl\":\"https:\/\/www.larnitech.com\/wp-content\/uploads\/2022\/01\/logo_white.png\",\"width\":1262,\"height\":274,\"caption\":\"Larnitech\"},\"image\":{\"@id\":\"https:\/\/www.larnitech.com\/#\/schema\/logo\/image\/\"}}]}<\/script>\n<!-- \/ Yoast SEO Premium plugin. -->","yoast_head_json":{"title":"Oficina inteligente - Larnitech","robots":{"index":"index","follow":"follow","max-snippet":"max-snippet:-1","max-image-preview":"max-image-preview:large","max-video-preview":"max-video-preview:-1"},"og_locale":"es_ES","og_type":"article","og_title":"Oficina inteligente","og_description":"Sistema de oficina inteligente Hoy en d\u00eda, un sistema de oficina inteligente se est\u00e1 convirtiendo en un signo de una empresa verdaderamente progresista y prestigiosa que se mantiene al d\u00eda. Esto ya no es un &#8220;capricho de los ricos&#8221;, sino una soluci\u00f3n funcional, confiable y segura que tiene demanda en todo el mundo. El sistema...","og_url":"https:\/\/www.larnitech.com\/es\/oficina-inteligente\/","og_site_name":"Larnitech","twitter_card":"summary_large_image","twitter_misc":{"Tiempo de lectura":"2 minutos"},"schema":{"@context":"https:\/\/schema.org","@graph":[{"@type":"WebPage","@id":"https:\/\/www.larnitech.com\/es\/oficina-inteligente\/","url":"https:\/\/www.larnitech.com\/es\/oficina-inteligente\/","name":"Oficina inteligente - Larnitech","isPartOf":{"@id":"https:\/\/www.larnitech.com\/#website"},"datePublished":"2023-10-22T17:22:40+00:00","dateModified":"2023-10-22T17:22:40+00:00","breadcrumb":{"@id":"https:\/\/www.larnitech.com\/es\/oficina-inteligente\/#breadcrumb"},"inLanguage":"es","potentialAction":[{"@type":"ReadAction","target":["https:\/\/www.larnitech.com\/es\/oficina-inteligente\/"]}]},{"@type":"BreadcrumbList","@id":"https:\/\/www.larnitech.com\/es\/oficina-inteligente\/#breadcrumb","itemListElement":[{"@type":"ListItem","position":1,"name":"Home","item":"https:\/\/www.larnitech.com\/es\/"},{"@type":"ListItem","position":2,"name":"Oficina inteligente"}]},{"@type":"WebSite","@id":"https:\/\/www.larnitech.com\/#website","url":"https:\/\/www.larnitech.com\/","name":"Larnitech","description":"","publisher":{"@id":"https:\/\/www.larnitech.com\/#organization"},"potentialAction":[{"@type":"SearchAction","target":{"@type":"EntryPoint","urlTemplate":"https:\/\/www.larnitech.com\/?s={search_term_string}"},"query-input":"required name=search_term_string"}],"inLanguage":"es"},{"@type":"Organization","@id":"https:\/\/www.larnitech.com\/#organization","name":"Larnitech","url":"https:\/\/www.larnitech.com\/","logo":{"@type":"ImageObject","inLanguage":"es","@id":"https:\/\/www.larnitech.com\/#\/schema\/logo\/image\/","url":"https:\/\/www.larnitech.com\/wp-content\/uploads\/2022\/01\/logo_white.png","contentUrl":"https:\/\/www.larnitech.com\/wp-content\/uploads\/2022\/01\/logo_white.png","width":1262,"height":274,"caption":"Larnitech"},"image":{"@id":"https:\/\/www.larnitech.com\/#\/schema\/logo\/image\/"}}]}},"_links":{"self":[{"href":"https:\/\/www.larnitech.com\/es\/wp-json\/wp\/v2\/pages\/9555","targetHints":{"allow":["GET"]}}],"collection":[{"href":"https:\/\/www.larnitech.com\/es\/wp-json\/wp\/v2\/pages"}],"about":[{"href":"https:\/\/www.larnitech.com\/es\/wp-json\/wp\/v2\/types\/page"}],"author":[{"embeddable":true,"href":"https:\/\/www.larnitech.com\/es\/wp-json\/wp\/v2\/users\/5"}],"replies":[{"embeddable":true,"href":"https:\/\/www.larnitech.com\/es\/wp-json\/wp\/v2\/comments?post=9555"}],"version-history":[{"count":1,"href":"https:\/\/www.larnitech.com\/es\/wp-json\/wp\/v2\/pages\/9555\/revisions"}],"predecessor-version":[{"id":9556,"href":"https:\/\/www.larnitech.com\/es\/wp-json\/wp\/v2\/pages\/9555\/revisions\/9556"}],"wp:attachment":[{"href":"https:\/\/www.larnitech.com\/es\/wp-json\/wp\/v2\/media?parent=9555"}],"curies":[{"name":"wp","href":"https:\/\/api.w.org\/{rel}","templated":true}]}}