{"id":9551,"date":"2022-06-23T16:13:03","date_gmt":"2022-06-23T13:13:03","guid":{"rendered":"https:\/\/www.larnitech.com\/?page_id=9551"},"modified":"2023-11-22T19:04:10","modified_gmt":"2023-11-22T17:04:10","slug":"smart-home","status":"publish","type":"page","link":"https:\/\/www.larnitech.com\/es\/smart-home\/","title":{"rendered":"Casa inteligente"},"content":{"rendered":"<p><strong>Larnitech: modernos equipos dom\u00e9sticos inteligentes<\/strong><\/p>\n<p>\u00bfQu\u00e9 es una casa inteligente moderna del fabricante? \u00bfPor qu\u00e9 estos sistemas han pasado de la categor\u00eda de inaccesibles y de \u00e9lite a &#8220;imprescindibles&#8221; para toda persona que valore la comodidad, la confiabilidad y la seguridad?<\/p>\n<p>Smart Home es un sistema para monitorear y administrar la funcionalidad de su hogar, que se est\u00e1 implementando activamente en nuestras vidas. Hace la vida mucho m\u00e1s f\u00e1cil al trasladar todas las preocupaciones sobre su hogar y su seguridad a la electr\u00f3nica.<\/p>\n<p>\u00bfQu\u00e9 son los equipos dom\u00e9sticos inteligentes? Se trata de sensores de incendio, humo, di\u00f3xido de carbono, fugas, as\u00ed como sensores de movimiento, sensores de apertura de puertas y ventanas, c\u00e1maras de videovigilancia y una tecnolog\u00eda de comunicaci\u00f3n de puerta inteligente. Funcionan de forma autom\u00e1tica o seg\u00fan escenarios prefabricados, tanto integrados entre s\u00ed como por separado.<\/p>\n<p>Estos sistemas controlan el microclima, la iluminaci\u00f3n, la calefacci\u00f3n y la ventilaci\u00f3n. Bajo el control de una casa inteligente tambi\u00e9n est\u00e1n todos los contadores el\u00e9ctricos, as\u00ed como los sistemas multimedia del hogar y los electrodom\u00e9sticos (lavadoras, estufas, frigor\u00edficos, etc.).<\/p>\n<p>Puedes salir de tu casa bajo la protecci\u00f3n fiable de un hogar inteligente: en caso de intrusi\u00f3n, cualquier se\u00f1al de inundaci\u00f3n o humo, nuestros sensores de peque\u00f1o tama\u00f1o enviar\u00e1n una alarma a tu tel\u00e9fono y a una empresa de servicios.<\/p>\n<p><strong>\u00bfQu\u00e9 son los sistemas dom\u00e9sticos inteligentes?<\/strong><\/p>\n<p>La variedad de sistemas dom\u00e9sticos inteligentes es enorme: cableados, inal\u00e1mbricos, centralizados, descentralizados, h\u00edbridos, el Internet de las cosas.<\/p>\n<p>Veamos las principales diferencias entre un sistema cableado y uno inal\u00e1mbrico. La funcionalidad de los sistemas inal\u00e1mbricos es mucho menor en comparaci\u00f3n con los sistemas cableados. Adem\u00e1s, los sistemas inal\u00e1mbricos funcionan de forma poco fiable y en el momento m\u00e1s crucial pueden fallar f\u00e1cilmente.<\/p>\n<p>El sistema cableado le permite poner una idea de ingenier\u00eda en el proyecto cuando el sistema inal\u00e1mbrico debe adaptarse al existente. La tasa de transferencia de datos en un sistema cableado es varias veces mayor que en uno inal\u00e1mbrico.<\/p>\n<p>Un sistema cableado le permite realizar copias de seguridad del sistema. Con ellos siempre podr\u00e1s restaurar la versi\u00f3n anterior en caso de que algo falle, y no tendr\u00e1s que configurarlo todo desde cero.<\/p>\n<p>Una gran ventaja de un sistema cableado es que si Internet deja de funcionar, el sistema seguir\u00e1 funcionando a diferencia del inal\u00e1mbrico.<\/p>\n<p>Debido a que la mayor parte de los sensores se pueden &#8220;ocultar&#8221; en las paredes de la casa, un sistema cableado es menos visible y no estropea en absoluto el dise\u00f1o.<\/p>\n<p>As\u00ed, las principales ventajas de un sistema cableado frente a uno inal\u00e1mbrico son:<\/p>\n<ul>\n<li>Confiabilidad<\/li>\n<li>Estabilidad del trabajo<\/li>\n<li>Factor de forma<\/li>\n<li>L\u00f3gica interna<\/li>\n<li>Velocidad de baudios<\/li>\n<li>Ecosistema \u00fanico<\/li>\n<\/ul>\n<p><strong>\u00bfQui\u00e9n podr\u00eda estar interesado en un sistema Smart Home?<\/strong><\/p>\n<p>Los compradores potenciales de sistemas dom\u00e9sticos inteligentes son personas que planean hacer reparaciones en una casa existente o comprar un apartamento nuevo o construir una casa. Por lo general, estas personas se interesan activamente por las nuevas tecnolog\u00edas y prestan especial atenci\u00f3n al confort y al dise\u00f1o.<\/p>\n<p>La comodidad y la seguridad absoluta en el hogar son cruciales para ellos. Estas personas no quieren perder su tiempo personal en acciones que puedan confiarse a una casa inteligente. Se esfuerzan por ser progresistas y mantenerse al d\u00eda.<\/p>\n<p>Tambi\u00e9n los clientes potenciales podr\u00edan ser:<\/p>\n<ul>\n<li>desarrolladores<\/li>\n<li>dise\u00f1adores<\/li>\n<li>arquitectos<\/li>\n<li>propietarios de restaurantes, cl\u00ednicas, centros de oficinas.<\/li>\n<\/ul>\n<p>Al automatizar las instalaciones, optimizan su negocio y aumentan la rentabilidad. Estas personas valoran el ahorro de recursos, el control de costes y la optimizaci\u00f3n de la gesti\u00f3n.<\/p>\n<p><strong>Instalaci\u00f3n de un sistema Smart Home<\/strong><\/p>\n<p>El sistema debe instalarse en la etapa de construcci\u00f3n, ya que su funcionamiento confiable requiere la instalaci\u00f3n de cables en las paredes o el piso. Inicialmente se puede configurar el sistema para funciones b\u00e1sicas (iluminaci\u00f3n, clima, fugas, seguridad) y posteriormente se puede mejorar y ampliar la funcionalidad.<\/p>\n<p>Es importante comprender que s\u00f3lo los profesionales deben ocuparse de la instalaci\u00f3n del sistema. Hay muchos matices que a veces son dif\u00edciles de entender incluso para un electricista cualificado pero que no tiene la experiencia necesaria.<\/p>\n<p>Un intento de instalar el sistema usted mismo o instalarlo con la participaci\u00f3n de especialistas no certificados puede provocar el fallo de todo el sistema.<\/p>\n<p>Antes de realizar el pedido e instalar el sistema, debe asegurarse de que la empresa cuente con centros de servicio, proporcione un per\u00edodo de garant\u00eda y que sus especialistas hayan recibido una formaci\u00f3n especial con los certificados pertinentes.<\/p>\n<p>Un proyecto de alta calidad de una casa inteligente debe tener en cuenta las particularidades y caracter\u00edsticas de la vida de cada cliente. Por ejemplo, si usted est\u00e1 a menudo fuera de casa, se debe hacer hincapi\u00e9 en los sistemas de seguridad y videovigilancia.<\/p>\n<p><strong>Qui\u00e9nes somos<\/strong><\/p>\n<p><a href=\"https:\/\/www.larnitech.com\/\">Larnitech <\/a>es un reconocido fabricante alem\u00e1n de equipos para la automatizaci\u00f3n de locales privados y comerciales.<\/p>\n<p>Las soluciones para el hogar inteligente de nuestra empresa son un \u00fanico sistema de control y gesti\u00f3n con una interfaz c\u00f3moda y accesible. Utilizamos sistemas tanto cableados como inal\u00e1mbricos.<\/p>\n<p>Tambi\u00e9n desarrollamos nuestra propia aplicaci\u00f3n Larnitech que controla:<\/p>\n<ul>\n<li>clima en todas las habitaciones (temperatura, humedad, ventilaci\u00f3n)<\/li>\n<li>sistemas de iluminaci\u00f3n<\/li>\n<li>abrir y cerrar puertas y ventanas<\/li>\n<li>equipo multimedia<\/li>\n<li>electrodom\u00e9sticos<\/li>\n<li>fugas de agua<\/li>\n<li>nivel de di\u00f3xido de carbono<\/li>\n<li>humo y mucho m\u00e1s<\/li>\n<\/ul>\n<p>\u00a1Controlas todo en tu hogar a un solo clic desde cualquier lugar, sin importar la distancia!<\/p>\n<p><strong>Beneficios de trabajar con Larnitech<\/strong><\/p>\n<p>\u00bfPor qu\u00e9 deber\u00eda instalar un sistema de hogar inteligente de nuestra empresa? Smart Home de Larnitech es:<\/p>\n<ul>\n<li>Un \u00fanico sistema perfecto, desde el sensor m\u00e1s simple hasta el software y un servicio web.<\/li>\n<li>Sistema de inteligencia distribuida: cuando el controlador, m\u00f3dulo o sensor se congela, todos los dem\u00e1s dispositivos seguir\u00e1n funcionando.<\/li>\n<li>Una aplicaci\u00f3n intuitiva con muchas caracter\u00edsticas y capacidades que incluso un ni\u00f1o puede usar.<\/li>\n<li>Acceso remoto para el instalador: todos los cambios se pueden realizar sin tener que ir al objeto.<\/li>\n<li>Ahorrar hasta un 30% de recursos energ\u00e9ticos permite recuperar r\u00e1pidamente la inversi\u00f3n invertida en una casa inteligente.<\/li>\n<li>Productos de alta tecnolog\u00eda y respetuosos con el medio ambiente que no ocupan mucho espacio y no estropean el dise\u00f1o.<\/li>\n<li>Aplicaciones para Android, IOS, Linux, Windows.<\/li>\n<li>Fiabilidad: los sistemas cableados son siempre m\u00e1s fiables que los sistemas inal\u00e1mbricos.<\/li>\n<\/ul>\n<p>Somos responsables de la calidad y ofrecemos una garant\u00eda de 2 a\u00f1os para nuestros equipos.<\/p>\n<p>Cabe mencionar nuestra pol\u00edtica de precios: en comparaci\u00f3n con otras empresas, nuestros precios son m\u00e1s bajos que los precios medios del mercado, pero al mismo tiempo se obtiene un producto de la m\u00e1s alta calidad alemana. En otras palabras, ofrecemos la funcionalidad de los principales actores del mercado a los precios m\u00e1s asequibles.<\/p>\n<p>El sistema de hogar inteligente de Larnitech ayuda a ahorrar recursos, aumenta la seguridad de su hogar y proporciona control total sobre los sistemas de iluminaci\u00f3n, clima, video y sonido.<\/p>\n<p>Varios escenarios son f\u00e1ciles de implementar y ejecutar autom\u00e1ticamente, encarg\u00e1ndose de la mayor\u00eda de las tareas rutinarias por usted.<\/p>\n<p>Su hogar inteligente controla la temperatura en diferentes habitaciones, ajusta el sistema de calefacci\u00f3n para adaptarlo a sus necesidades, riega sus plantas, alimenta a sus animales, monitorea los paneles solares para asegurarse de que est\u00e9n en su m\u00e1xima eficiencia, apaga las luces en las habitaciones no utilizadas, reproduce su m\u00fasica favorita. \u00a1M\u00fasica e incluso te prepara el caf\u00e9 de la ma\u00f1ana!<\/p>\n<p>Tu hogar est\u00e1 protegido en caso de fuga de agua o gas. Se comunica contigo por tel\u00e9fono y te env\u00eda notificaciones sobre cosas que requieren tu atenci\u00f3n.<\/p>\n<p>Con Larnitech obtienes soluciones altamente eficientes y listas para instalar que facilitan la gesti\u00f3n del hogar y aumentan el nivel de vida.<\/p>\n","protected":false},"excerpt":{"rendered":"<p>Larnitech: modernos equipos dom\u00e9sticos inteligentes \u00bfQu\u00e9 es una casa inteligente moderna del fabricante? \u00bfPor qu\u00e9 estos sistemas han pasado de la categor\u00eda de inaccesibles y de \u00e9lite a &#8220;imprescindibles&#8221; para toda persona que valore la comodidad, la confiabilidad y la seguridad? Smart Home es un sistema para monitorear y administrar la funcionalidad de su hogar,&#8230;<\/p>\n","protected":false},"author":1,"featured_media":0,"parent":0,"menu_order":0,"comment_status":"closed","ping_status":"closed","template":"page-templates\/project.php","meta":{"inline_featured_image":false,"footnotes":""},"class_list":["post-9551","page","type-page","status-publish","hentry"],"acf":[],"yoast_head":"<!-- This site is optimized with the Yoast SEO Premium plugin v19.0.1 (Yoast SEO v19.12) - https:\/\/yoast.com\/wordpress\/plugins\/seo\/ -->\n<title>Smart home - automation systems from \u3010Larnitech\u3011<\/title>\n<meta name=\"description\" content=\"Smart home equipment from \u3010Larnitech\u3011\u23e9 Hardware \u26a1Software \u26a1Web services for comprehensive automation of a house, office or apartment. \u2b50Training and technical support\" \/>\n<meta name=\"robots\" content=\"index, follow, max-snippet:-1, max-image-preview:large, max-video-preview:-1\" \/>\n<meta property=\"og:locale\" content=\"es_ES\" \/>\n<meta property=\"og:type\" content=\"article\" \/>\n<meta property=\"og:title\" content=\"Casa inteligente\" \/>\n<meta property=\"og:description\" content=\"Smart home equipment from \u3010Larnitech\u3011\u23e9 Hardware \u26a1Software \u26a1Web services for comprehensive automation of a house, office or apartment. \u2b50Training and technical support\" \/>\n<meta property=\"og:url\" content=\"https:\/\/www.larnitech.com\/es\/smart-home\/\" \/>\n<meta property=\"og:site_name\" content=\"Larnitech\" \/>\n<meta property=\"article:modified_time\" content=\"2023-11-22T17:04:10+00:00\" \/>\n<meta name=\"twitter:card\" content=\"summary_large_image\" \/>\n<meta name=\"twitter:label1\" content=\"Tiempo de lectura\" \/>\n\t<meta name=\"twitter:data1\" content=\"6 minutos\" \/>\n<script type=\"application\/ld+json\" class=\"yoast-schema-graph\">{\"@context\":\"https:\/\/schema.org\",\"@graph\":[{\"@type\":\"WebPage\",\"@id\":\"https:\/\/www.larnitech.com\/es\/smart-home\/\",\"url\":\"https:\/\/www.larnitech.com\/es\/smart-home\/\",\"name\":\"Smart home - automation systems from \u3010Larnitech\u3011\",\"isPartOf\":{\"@id\":\"https:\/\/www.larnitech.com\/#website\"},\"datePublished\":\"2022-06-23T13:13:03+00:00\",\"dateModified\":\"2023-11-22T17:04:10+00:00\",\"description\":\"Smart home equipment from \u3010Larnitech\u3011\u23e9 Hardware \u26a1Software \u26a1Web services for comprehensive automation of a house, office or apartment. \u2b50Training and technical support\",\"breadcrumb\":{\"@id\":\"https:\/\/www.larnitech.com\/es\/smart-home\/#breadcrumb\"},\"inLanguage\":\"es\",\"potentialAction\":[{\"@type\":\"ReadAction\",\"target\":[\"https:\/\/www.larnitech.com\/es\/smart-home\/\"]}]},{\"@type\":\"BreadcrumbList\",\"@id\":\"https:\/\/www.larnitech.com\/es\/smart-home\/#breadcrumb\",\"itemListElement\":[{\"@type\":\"ListItem\",\"position\":1,\"name\":\"Home\",\"item\":\"https:\/\/www.larnitech.com\/es\/\"},{\"@type\":\"ListItem\",\"position\":2,\"name\":\"Casa inteligente\"}]},{\"@type\":\"WebSite\",\"@id\":\"https:\/\/www.larnitech.com\/#website\",\"url\":\"https:\/\/www.larnitech.com\/\",\"name\":\"Larnitech\",\"description\":\"\",\"publisher\":{\"@id\":\"https:\/\/www.larnitech.com\/#organization\"},\"potentialAction\":[{\"@type\":\"SearchAction\",\"target\":{\"@type\":\"EntryPoint\",\"urlTemplate\":\"https:\/\/www.larnitech.com\/?s={search_term_string}\"},\"query-input\":\"required name=search_term_string\"}],\"inLanguage\":\"es\"},{\"@type\":\"Organization\",\"@id\":\"https:\/\/www.larnitech.com\/#organization\",\"name\":\"Larnitech\",\"url\":\"https:\/\/www.larnitech.com\/\",\"logo\":{\"@type\":\"ImageObject\",\"inLanguage\":\"es\",\"@id\":\"https:\/\/www.larnitech.com\/#\/schema\/logo\/image\/\",\"url\":\"https:\/\/www.larnitech.com\/wp-content\/uploads\/2022\/01\/logo_white.png\",\"contentUrl\":\"https:\/\/www.larnitech.com\/wp-content\/uploads\/2022\/01\/logo_white.png\",\"width\":1262,\"height\":274,\"caption\":\"Larnitech\"},\"image\":{\"@id\":\"https:\/\/www.larnitech.com\/#\/schema\/logo\/image\/\"}}]}<\/script>\n<!-- \/ Yoast SEO Premium plugin. -->","yoast_head_json":{"title":"Smart home - automation systems from \u3010Larnitech\u3011","description":"Smart home equipment from \u3010Larnitech\u3011\u23e9 Hardware \u26a1Software \u26a1Web services for comprehensive automation of a house, office or apartment. \u2b50Training and technical support","robots":{"index":"index","follow":"follow","max-snippet":"max-snippet:-1","max-image-preview":"max-image-preview:large","max-video-preview":"max-video-preview:-1"},"og_locale":"es_ES","og_type":"article","og_title":"Casa inteligente","og_description":"Smart home equipment from \u3010Larnitech\u3011\u23e9 Hardware \u26a1Software \u26a1Web services for comprehensive automation of a house, office or apartment. \u2b50Training and technical support","og_url":"https:\/\/www.larnitech.com\/es\/smart-home\/","og_site_name":"Larnitech","article_modified_time":"2023-11-22T17:04:10+00:00","twitter_card":"summary_large_image","twitter_misc":{"Tiempo de lectura":"6 minutos"},"schema":{"@context":"https:\/\/schema.org","@graph":[{"@type":"WebPage","@id":"https:\/\/www.larnitech.com\/es\/smart-home\/","url":"https:\/\/www.larnitech.com\/es\/smart-home\/","name":"Smart home - automation systems from \u3010Larnitech\u3011","isPartOf":{"@id":"https:\/\/www.larnitech.com\/#website"},"datePublished":"2022-06-23T13:13:03+00:00","dateModified":"2023-11-22T17:04:10+00:00","description":"Smart home equipment from \u3010Larnitech\u3011\u23e9 Hardware \u26a1Software \u26a1Web services for comprehensive automation of a house, office or apartment. \u2b50Training and technical support","breadcrumb":{"@id":"https:\/\/www.larnitech.com\/es\/smart-home\/#breadcrumb"},"inLanguage":"es","potentialAction":[{"@type":"ReadAction","target":["https:\/\/www.larnitech.com\/es\/smart-home\/"]}]},{"@type":"BreadcrumbList","@id":"https:\/\/www.larnitech.com\/es\/smart-home\/#breadcrumb","itemListElement":[{"@type":"ListItem","position":1,"name":"Home","item":"https:\/\/www.larnitech.com\/es\/"},{"@type":"ListItem","position":2,"name":"Casa inteligente"}]},{"@type":"WebSite","@id":"https:\/\/www.larnitech.com\/#website","url":"https:\/\/www.larnitech.com\/","name":"Larnitech","description":"","publisher":{"@id":"https:\/\/www.larnitech.com\/#organization"},"potentialAction":[{"@type":"SearchAction","target":{"@type":"EntryPoint","urlTemplate":"https:\/\/www.larnitech.com\/?s={search_term_string}"},"query-input":"required name=search_term_string"}],"inLanguage":"es"},{"@type":"Organization","@id":"https:\/\/www.larnitech.com\/#organization","name":"Larnitech","url":"https:\/\/www.larnitech.com\/","logo":{"@type":"ImageObject","inLanguage":"es","@id":"https:\/\/www.larnitech.com\/#\/schema\/logo\/image\/","url":"https:\/\/www.larnitech.com\/wp-content\/uploads\/2022\/01\/logo_white.png","contentUrl":"https:\/\/www.larnitech.com\/wp-content\/uploads\/2022\/01\/logo_white.png","width":1262,"height":274,"caption":"Larnitech"},"image":{"@id":"https:\/\/www.larnitech.com\/#\/schema\/logo\/image\/"}}]}},"_links":{"self":[{"href":"https:\/\/www.larnitech.com\/es\/wp-json\/wp\/v2\/pages\/9551","targetHints":{"allow":["GET"]}}],"collection":[{"href":"https:\/\/www.larnitech.com\/es\/wp-json\/wp\/v2\/pages"}],"about":[{"href":"https:\/\/www.larnitech.com\/es\/wp-json\/wp\/v2\/types\/page"}],"author":[{"embeddable":true,"href":"https:\/\/www.larnitech.com\/es\/wp-json\/wp\/v2\/users\/1"}],"replies":[{"embeddable":true,"href":"https:\/\/www.larnitech.com\/es\/wp-json\/wp\/v2\/comments?post=9551"}],"version-history":[{"count":5,"href":"https:\/\/www.larnitech.com\/es\/wp-json\/wp\/v2\/pages\/9551\/revisions"}],"predecessor-version":[{"id":11352,"href":"https:\/\/www.larnitech.com\/es\/wp-json\/wp\/v2\/pages\/9551\/revisions\/11352"}],"wp:attachment":[{"href":"https:\/\/www.larnitech.com\/es\/wp-json\/wp\/v2\/media?parent=9551"}],"curies":[{"name":"wp","href":"https:\/\/api.w.org\/{rel}","templated":true}]}}