{"id":9528,"date":"2023-10-22T19:58:28","date_gmt":"2023-10-22T16:58:28","guid":{"rendered":"https:\/\/www.larnitech.com\/?page_id=9528"},"modified":"2023-10-22T19:58:28","modified_gmt":"2023-10-22T16:58:28","slug":"acerca-de","status":"publish","type":"page","link":"https:\/\/www.larnitech.com\/es\/acerca-de\/","title":{"rendered":"Acerca de"},"content":{"rendered":"<p>El mundo moderno est\u00e1 experimentando un impulso sin precedentes en el \u00e1mbito de las TI. Nosotros, en Larnitech, somos plenamente conscientes de esta tendencia y estamos haciendo todo lo que est\u00e1 a nuestro alcance para aportar nuestra propia cuota de innovaciones en el campo de la tecnolog\u00eda de casas inteligentes. Nos esforzamos por convertirnos en l\u00edderes en nuestro nicho de mercado. A trav\u00e9s de nuestros productos de alta tecnolog\u00eda respetuosos con el medio ambiente, contribuimos a salvar los recursos naturales del mundo y cumplimos nuestra misi\u00f3n de desarrollar viviendas modernas que combinen ideas progresistas, comodidad y seguridad.<\/p>\n<h2>Qui\u00e9nes somos<\/h2>\n<p>Larnitech es un fabricante alem\u00e1n de equipos para la automatizaci\u00f3n de locales privados y comerciales. Estamos seguros de que todo lo que se hace manualmente en tu hogar puede y debe automatizarse.<\/p>\n<p><img loading=\"lazy\" decoding=\"async\" width=\"1024\" height=\"768\" class=\"aligncenter wp-image-3080 size-large\" src=\"\/wp-content\/uploads\/2022\/09\/YOUR-HOME-CAN-BE-SMART--1024x768.png\" alt=\"\" ancho= \"800\" altura=\"600\" srcset=\"https:\/\/www.larnitech.com\/wp-content\/uploads\/2022\/09\/YOUR-HOME-CAN-BE-SMART--1024x768.png 1024w, https:\/\/www.larnitech.com\/wp-content\/uploads\/2022\/09\/YOUR-HOME-CAN-BE-SMART--300x225.png 300w, https:\/\/www.larnitech.com\/wp-content\/uploads\/2022\/09\/YOUR-HOME-CAN-BE-SMART--768x576.png 768w, https:\/\/www.larnitech.com\/wp-content\/uploads\/2022\/09\/YOUR-HOME-CAN-BE-SMART-.png 1284w\" sizes=\"auto, (max-width: 1024px) 100vw, 1024px\" \/><\/p>\n<p>&nbsp;<\/p>\n<p><span style=\"font-weight: 400;\">Las soluciones para el hogar &#8220;inteligente&#8221; de nuestra empresa son un sistema \u00fanico de control y gesti\u00f3n con una interfaz c\u00f3moda y accesible. Producimos un sistema Smart Home descentralizado con cable que funciona con un bus CAN y se destaca entre otros por su velocidad de respuesta. Tambi\u00e9n desarrollamos nuestra propia aplicaci\u00f3n Larnitech, que permite controlar el sistema desde dispositivos m\u00f3viles.<\/span><\/p>\n<p><span style=\"font-weight: 400;\">La aplicaci\u00f3n es adecuada para iOS, Android, Linux y Windows y se puede descargar desde App Store y Play Market. La interfaz intuitiva de la aplicaci\u00f3n con muchas funciones y caracter\u00edsticas es tan f\u00e1cil de usar que incluso un ni\u00f1o puede dominarla f\u00e1cilmente.<\/span><\/p>\n<p>Las soluciones de nuestra empresa son eficaces y al mismo tiempo sencillas, como las del famoso constructor LEGO. Ofrecemos un conjunto de elementos a partir de los cuales puedes realizar una automatizaci\u00f3n m\u00ednima con funciones b\u00e1sicas o una muy progresiva con la m\u00e1xima cantidad de funcionalidades.<\/p>\n<p><b>Larnitech Smart Home es:<\/b><\/p>\n<ul>\n<li>comodidad en tu hogar<\/li>\n<li>seguridad contra penetraciones, fugas e incendios<\/li>\n<li>ahorro de recursos y tiempo<\/li>\n<\/ul>\n<p>\u00a1Con Larnitech no te ocupas de la casa, ella te cuida a ti!<\/p>\n<h2>Nuestra historia<\/h2>\n<p>Larnitech se fund\u00f3 en 2014 en Colonia, Alemania. Durante los primeros a\u00f1os de nuestra actividad, produjimos equipos utilizando nuestras tecnolog\u00edas, pero en f\u00e1bricas subcontratadas. En 2019 iniciamos nuestra propia producci\u00f3n, abrimos una planta de ciclo completo y nos trasladamos de Colonia a Freudenberg.<\/p>\n<p>Durante este tiempo, nuestros especialistas han desarrollado tres generaciones de equipos dom\u00e9sticos inteligentes. Actualmente, nuestros productos se importan a m\u00e1s de 20 pa\u00edses de todo el mundo y la cantidad de sistemas dom\u00e9sticos inteligentes instalados ha superado las decenas de miles.<\/p>\n<h2>\u00bfQu\u00e9 nos distingue de nuestros competidores?<\/h2>\n<p>Nuestro equipo es simple, pero al mismo tiempo eficiente y f\u00e1cil de instalar. Los componentes del sistema funcionan seg\u00fan el principio Plug&amp;Play: configuraci\u00f3n e inicio r\u00e1pidos, lo que lleva mucho m\u00e1s tiempo para otros sistemas.<\/p>\n<p>Ofrecemos:<\/p>\n<ul>\n<li>alta calidad<\/li>\n<li>precio asequible<\/li>\n<li>amplia funcionalidad<\/li>\n<li>personalizaci\u00f3n para cada cliente<\/li>\n<li>sistema de programaci\u00f3n sencillo<\/li>\n<li>soporte en l\u00ednea y la capacidad de configurar remotamente el sistema por parte de nuestros especialistas<\/li>\n<\/ul>\n<p>Otra caracter\u00edstica distintiva de nuestro sistema es que se monitorea constantemente para detectar errores. Cuando ocurre un problema, a menudo ni siquiera lo sabr\u00e1, porque nuestro distribuidor ver\u00e1 una notificaci\u00f3n de error en el panel del distribuidor y lo corregir\u00e1 de forma remota.<\/p>\n<p>Tambi\u00e9n ofrecemos una soluci\u00f3n \u00fanica en el mercado: el kit Metaforsa. Este es un conjunto universal con funciones b\u00e1sicas de automatizaci\u00f3n. Es f\u00e1cil de instalar y est\u00e1 listo para usar nada m\u00e1s sacarlo de la caja.<\/p>\n<p>Utilizamos tanto un sistema de comunicaci\u00f3n por cable, que es m\u00e1s confiable, duradero y no est\u00e1 expuesto a influencias externas, como uno inal\u00e1mbrico.<\/p>\n<h2>Sistema cableado<\/h2>\n<p>Todos los dispositivos est\u00e1n conectados a trav\u00e9s de buses de datos. Las principales ventajas de este tipo de sistema son:<\/p>\n<ul>\n<li>Alta capacidad de respuesta, una forma r\u00e1pida y fiable de comunicaci\u00f3n de datos<\/li>\n<li>F\u00e1cil instalaci\u00f3n<\/li>\n<li>Amplia gama de equipos<\/li>\n<li>Funciones de seguridad eficientes<\/li>\n<li>Largo per\u00edodo de servicio<\/li>\n<li>El sistema no tiene dispositivos que funcionen con bater\u00edas que requieran un reemplazo regular de la bater\u00eda<\/li>\n<\/ul>\n<h2>Sistema inal\u00e1mbrico<\/h2>\n<p>Este tipo de sistema utiliza un canal de radio que se utiliza para transferir las se\u00f1ales desde el dispositivo controlador a las unidades ejecutivas.<\/p>\n<p>Las principales ventajas de este sistema son:<\/p>\n<ul>\n<li>Ahorro sustancial: al instalar el sistema no es necesario tender cables, lo que reduce el coste de consumibles y trabajo<\/li>\n<li>Instalaci\u00f3n del sistema f\u00e1cil y flexible<\/li>\n<li>Posibilidad de ampliar f\u00e1cilmente el sistema actual<\/li>\n<\/ul>\n<h2>Beneficios de trabajar con una empresa<\/h2>\n<p>\u00bfPor qu\u00e9 deber\u00eda instalar nuestro sistema de hogar inteligente?<\/p>\n<p>Utilizamos en nuestro trabajo los equipos europeos m\u00e1s modernos, que producimos en nuestra propia f\u00e1brica de ciclo completo.<\/p>\n<p>Nuestros distribuidores son profesionales con muchos a\u00f1os de experiencia que instalar\u00e1n el sistema de la forma m\u00e1s r\u00e1pida y eficaz posible, teniendo en cuenta todos sus deseos.<\/p>\n<p>Acceso remoto para instalaci\u00f3n: todos los cambios se pueden realizar sin tener que ir al sitio.<\/p>\n<p>La funcionalidad de nuestros dispositivos le permite controlar todos los aspectos de la gesti\u00f3n en su hogar, apartamento u oficina. Los sensores dar\u00e1n una se\u00f1al cuando se detecte una fuga de agua o gas, los sensores de movimiento encender\u00e1n las c\u00e1maras y recibir\u00e1s una imagen en tu tel\u00e9fono inteligente o tableta en caso de entrada no autorizada.<\/p>\n<p>El usuario tambi\u00e9n tiene la posibilidad de controlar el sistema de iluminaci\u00f3n de cada habitaci\u00f3n, encender la ingenier\u00eda el\u00e9ctrica, el aire acondicionado o un centro de m\u00fasica seg\u00fan el horario. Adem\u00e1s, todo esto se puede hacer tanto directamente en el local como de forma remota, por ejemplo, de camino a casa.<\/p>\n<p>El control inteligente del hogar se realiza desde cualquier dispositivo: puede utilizar un tel\u00e9fono inteligente, una tableta, una computadora port\u00e1til o incluso un reloj inteligente. Una aplicaci\u00f3n \u00fanica desarrollada por nuestra empresa para controlar la funcionalidad de Smart Home, as\u00ed como una soluci\u00f3n lista para usar &#8220;lista para usar&#8221; le permiten convertir su hogar en un espacio moderno, multifuncional y c\u00f3modo para vivir y trabajar.<\/p>\n<p><img decoding=\"async\" class=\"size-large wp-image-3473 aligncenter\" src=\"\/wp-content\/uploads\/2022\/09\/metaforsa-larnitech_en-1024x768.jpg\" alt=\"\" width=\"800\" height=\"600 \" srcset=\"https:\/\/www.larnitech.com\/wp-content\/uploads\/2022\/09\/metaforsa-larnitech_en-1024x768.jpg 1024w, https:\/\/www.larnitech.com\/wp-content\/uploads\/2022\/09\/metaforsa-larnitech_en-300x225.jpg 300w, https:\/\/www.larnitech.com\/wp-content\/uploads\/2022\/09\/metaforsa-larnitech_en-768x576.jpg 768w, https:\/\/www.larnitech.com\/wp-content\/uploads\/2022\/09\/metaforsa-larnitech_en-1536x1152.jpg 1536w, https:\/\/www.larnitech.com\/wp-content\/uploads\/2022\/09\/metaforsa-larnitech_en.jpg 2048w\" sizes=\"(max-width: 1024px) 100vw, 1024px\" \/><\/p>\n<h3>M\u00d3DULOS DE INTERFAZ<\/h3>\n<p>Un \u00fanico sistema perfecto, desde el sensor m\u00e1s simple hasta el software y el servicio web.<\/p>\n<p>Los m\u00f3dulos de interfaz permiten la integraci\u00f3n de varios dispositivos en un sistema unificado de automatizaci\u00f3n y control (paneles solares, dispositivos de medici\u00f3n, bombas de calor, etc.).<\/p>\n<h3>COMPONENTES MODERNOS DE ALTA CALIDAD<\/h3>\n<p>Productos de alta tecnolog\u00eda y respetuosos con el medio ambiente que no ocupan mucho espacio y no estropean el dise\u00f1o.<\/p>\n<p>El uso de componentes de calidad nos ha permitido ampliar la funcionalidad de nuestros equipos y reducir al m\u00ednimo su tama\u00f1o, peso y consumo energ\u00e9tico. El sistema utiliza microsensores y unidades de control compactas que no afectar\u00e1n el interior de su hogar.<\/p>\n<h3>CONFIABILIDAD<\/h3>\n<p>Calidad alemana y garant\u00eda de equipo de 2 a\u00f1os.<\/p>\n<p>Basado en el principio de \u201cl\u00f3gica distribuida\u201d, nuestro sistema no tiene unidad central, lo que aumenta su confiabilidad. Si un controlador, m\u00f3dulo o sensor se congela, todos los dem\u00e1s dispositivos seguir\u00e1n funcionando. Los componentes individuales de la red se comunican entre s\u00ed y realizan sus propias funciones bas\u00e1ndose en la informaci\u00f3n recibida de otras unidades.<\/p>\n<p>Se utiliz\u00f3 la tecnolog\u00eda MESH para crear el sistema inal\u00e1mbrico. Todos los componentes del sistema interact\u00faan entre s\u00ed para realizar el trabajo de la manera m\u00e1s eficiente.<\/p>\n<h3>FLEXIBILIDAD DEL SISTEMA<\/h3>\n<p>Gracias a la l\u00f3gica distribuida, el sistema es f\u00e1cilmente ampliable y permite conectar muchos dispositivos diferentes, ampliando as\u00ed la funcionalidad del sistema. Los usuarios pueden cambiar ciertas configuraciones del sistema sin asistencia especializada.<\/p>\n<h3>AHORRO DE RECURSOS<\/h3>\n<p>Ahorrar hasta un 30% de los recursos energ\u00e9ticos permite recuperar r\u00e1pidamente la inversi\u00f3n en una casa inteligente.<br \/>\nSmart Home integra todos los sistemas, garantizando un funcionamiento ininterrumpido y eficiente. La eficiencia energ\u00e9tica se logra principalmente mediante la automatizaci\u00f3n de la iluminaci\u00f3n y el microclima. Existen varias opciones para configurar el sistema, entre ellas: uso de sensores de movimiento, datos de calendario, configuraciones especiales, individuales para diferentes \u00e1reas de la casa, etc. Las estad\u00edsticas de sensores y el uso de electrodom\u00e9sticos se pueden utilizar para optimizar el consumo de electricidad.<\/p>\n<p>\u00a1Larnitech te ofrece soluciones dom\u00f3ticas de alta calidad a precios asequibles! \u00a1Haz tu vida a\u00fan m\u00e1s c\u00f3moda, conveniente y segura con una casa que se encargar\u00e1 de todo esto por ti!<\/p>\n<div class=\"partner_auth_button pt-5 pb-5 text-center\"><a class=\"btn btn-primary\" href=\"https:\/\/drive.google.com\/file\/d\/15p1bVG-B2drAMqsyPXaKJ5jACVGR8MDg\/view? usp=sharing\" target=\"_blank\" rel=\"nofollow noopener\">Descargar la presentaci\u00f3n<\/a><\/div>\n","protected":false},"excerpt":{"rendered":"<p>El mundo moderno est\u00e1 experimentando un impulso sin precedentes en el \u00e1mbito de las TI. Nosotros, en Larnitech, somos plenamente conscientes de esta tendencia y estamos haciendo todo lo que est\u00e1 a nuestro alcance para aportar nuestra propia cuota de innovaciones en el campo de la tecnolog\u00eda de casas inteligentes. Nos esforzamos por convertirnos en&#8230;<\/p>\n","protected":false},"author":5,"featured_media":0,"parent":0,"menu_order":0,"comment_status":"closed","ping_status":"closed","template":"","meta":{"inline_featured_image":false,"footnotes":""},"class_list":["post-9528","page","type-page","status-publish","hentry"],"acf":[],"yoast_head":"<!-- This site is optimized with the Yoast SEO Premium plugin v19.0.1 (Yoast SEO v19.12) - https:\/\/yoast.com\/wordpress\/plugins\/seo\/ -->\n<title>Acerca de - Larnitech<\/title>\n<meta name=\"robots\" content=\"index, follow, max-snippet:-1, max-image-preview:large, max-video-preview:-1\" \/>\n<meta property=\"og:locale\" content=\"es_ES\" \/>\n<meta property=\"og:type\" content=\"article\" \/>\n<meta property=\"og:title\" content=\"Acerca de\" \/>\n<meta property=\"og:description\" content=\"El mundo moderno est\u00e1 experimentando un impulso sin precedentes en el \u00e1mbito de las TI. Nosotros, en Larnitech, somos plenamente conscientes de esta tendencia y estamos haciendo todo lo que est\u00e1 a nuestro alcance para aportar nuestra propia cuota de innovaciones en el campo de la tecnolog\u00eda de casas inteligentes. Nos esforzamos por convertirnos en...\" \/>\n<meta property=\"og:url\" content=\"https:\/\/www.larnitech.com\/es\/acerca-de\/\" \/>\n<meta property=\"og:site_name\" content=\"Larnitech\" \/>\n<meta name=\"twitter:card\" content=\"summary_large_image\" \/>\n<meta name=\"twitter:label1\" content=\"Tiempo de lectura\" \/>\n\t<meta name=\"twitter:data1\" content=\"7 minutos\" \/>\n<script type=\"application\/ld+json\" class=\"yoast-schema-graph\">{\"@context\":\"https:\/\/schema.org\",\"@graph\":[{\"@type\":\"WebPage\",\"@id\":\"https:\/\/www.larnitech.com\/es\/acerca-de\/\",\"url\":\"https:\/\/www.larnitech.com\/es\/acerca-de\/\",\"name\":\"Acerca de - Larnitech\",\"isPartOf\":{\"@id\":\"https:\/\/www.larnitech.com\/#website\"},\"datePublished\":\"2023-10-22T16:58:28+00:00\",\"dateModified\":\"2023-10-22T16:58:28+00:00\",\"breadcrumb\":{\"@id\":\"https:\/\/www.larnitech.com\/es\/acerca-de\/#breadcrumb\"},\"inLanguage\":\"es\",\"potentialAction\":[{\"@type\":\"ReadAction\",\"target\":[\"https:\/\/www.larnitech.com\/es\/acerca-de\/\"]}]},{\"@type\":\"BreadcrumbList\",\"@id\":\"https:\/\/www.larnitech.com\/es\/acerca-de\/#breadcrumb\",\"itemListElement\":[{\"@type\":\"ListItem\",\"position\":1,\"name\":\"Home\",\"item\":\"https:\/\/www.larnitech.com\/es\/\"},{\"@type\":\"ListItem\",\"position\":2,\"name\":\"Acerca de\"}]},{\"@type\":\"WebSite\",\"@id\":\"https:\/\/www.larnitech.com\/#website\",\"url\":\"https:\/\/www.larnitech.com\/\",\"name\":\"Larnitech\",\"description\":\"\",\"publisher\":{\"@id\":\"https:\/\/www.larnitech.com\/#organization\"},\"potentialAction\":[{\"@type\":\"SearchAction\",\"target\":{\"@type\":\"EntryPoint\",\"urlTemplate\":\"https:\/\/www.larnitech.com\/?s={search_term_string}\"},\"query-input\":\"required name=search_term_string\"}],\"inLanguage\":\"es\"},{\"@type\":\"Organization\",\"@id\":\"https:\/\/www.larnitech.com\/#organization\",\"name\":\"Larnitech\",\"url\":\"https:\/\/www.larnitech.com\/\",\"logo\":{\"@type\":\"ImageObject\",\"inLanguage\":\"es\",\"@id\":\"https:\/\/www.larnitech.com\/#\/schema\/logo\/image\/\",\"url\":\"https:\/\/www.larnitech.com\/wp-content\/uploads\/2022\/01\/logo_white.png\",\"contentUrl\":\"https:\/\/www.larnitech.com\/wp-content\/uploads\/2022\/01\/logo_white.png\",\"width\":1262,\"height\":274,\"caption\":\"Larnitech\"},\"image\":{\"@id\":\"https:\/\/www.larnitech.com\/#\/schema\/logo\/image\/\"}}]}<\/script>\n<!-- \/ Yoast SEO Premium plugin. -->","yoast_head_json":{"title":"Acerca de - Larnitech","robots":{"index":"index","follow":"follow","max-snippet":"max-snippet:-1","max-image-preview":"max-image-preview:large","max-video-preview":"max-video-preview:-1"},"og_locale":"es_ES","og_type":"article","og_title":"Acerca de","og_description":"El mundo moderno est\u00e1 experimentando un impulso sin precedentes en el \u00e1mbito de las TI. Nosotros, en Larnitech, somos plenamente conscientes de esta tendencia y estamos haciendo todo lo que est\u00e1 a nuestro alcance para aportar nuestra propia cuota de innovaciones en el campo de la tecnolog\u00eda de casas inteligentes. Nos esforzamos por convertirnos en...","og_url":"https:\/\/www.larnitech.com\/es\/acerca-de\/","og_site_name":"Larnitech","twitter_card":"summary_large_image","twitter_misc":{"Tiempo de lectura":"7 minutos"},"schema":{"@context":"https:\/\/schema.org","@graph":[{"@type":"WebPage","@id":"https:\/\/www.larnitech.com\/es\/acerca-de\/","url":"https:\/\/www.larnitech.com\/es\/acerca-de\/","name":"Acerca de - Larnitech","isPartOf":{"@id":"https:\/\/www.larnitech.com\/#website"},"datePublished":"2023-10-22T16:58:28+00:00","dateModified":"2023-10-22T16:58:28+00:00","breadcrumb":{"@id":"https:\/\/www.larnitech.com\/es\/acerca-de\/#breadcrumb"},"inLanguage":"es","potentialAction":[{"@type":"ReadAction","target":["https:\/\/www.larnitech.com\/es\/acerca-de\/"]}]},{"@type":"BreadcrumbList","@id":"https:\/\/www.larnitech.com\/es\/acerca-de\/#breadcrumb","itemListElement":[{"@type":"ListItem","position":1,"name":"Home","item":"https:\/\/www.larnitech.com\/es\/"},{"@type":"ListItem","position":2,"name":"Acerca de"}]},{"@type":"WebSite","@id":"https:\/\/www.larnitech.com\/#website","url":"https:\/\/www.larnitech.com\/","name":"Larnitech","description":"","publisher":{"@id":"https:\/\/www.larnitech.com\/#organization"},"potentialAction":[{"@type":"SearchAction","target":{"@type":"EntryPoint","urlTemplate":"https:\/\/www.larnitech.com\/?s={search_term_string}"},"query-input":"required name=search_term_string"}],"inLanguage":"es"},{"@type":"Organization","@id":"https:\/\/www.larnitech.com\/#organization","name":"Larnitech","url":"https:\/\/www.larnitech.com\/","logo":{"@type":"ImageObject","inLanguage":"es","@id":"https:\/\/www.larnitech.com\/#\/schema\/logo\/image\/","url":"https:\/\/www.larnitech.com\/wp-content\/uploads\/2022\/01\/logo_white.png","contentUrl":"https:\/\/www.larnitech.com\/wp-content\/uploads\/2022\/01\/logo_white.png","width":1262,"height":274,"caption":"Larnitech"},"image":{"@id":"https:\/\/www.larnitech.com\/#\/schema\/logo\/image\/"}}]}},"_links":{"self":[{"href":"https:\/\/www.larnitech.com\/es\/wp-json\/wp\/v2\/pages\/9528","targetHints":{"allow":["GET"]}}],"collection":[{"href":"https:\/\/www.larnitech.com\/es\/wp-json\/wp\/v2\/pages"}],"about":[{"href":"https:\/\/www.larnitech.com\/es\/wp-json\/wp\/v2\/types\/page"}],"author":[{"embeddable":true,"href":"https:\/\/www.larnitech.com\/es\/wp-json\/wp\/v2\/users\/5"}],"replies":[{"embeddable":true,"href":"https:\/\/www.larnitech.com\/es\/wp-json\/wp\/v2\/comments?post=9528"}],"version-history":[{"count":1,"href":"https:\/\/www.larnitech.com\/es\/wp-json\/wp\/v2\/pages\/9528\/revisions"}],"predecessor-version":[{"id":9529,"href":"https:\/\/www.larnitech.com\/es\/wp-json\/wp\/v2\/pages\/9528\/revisions\/9529"}],"wp:attachment":[{"href":"https:\/\/www.larnitech.com\/es\/wp-json\/wp\/v2\/media?parent=9528"}],"curies":[{"name":"wp","href":"https:\/\/api.w.org\/{rel}","templated":true}]}}