{"id":3809,"date":"2022-06-24T14:09:56","date_gmt":"2022-06-24T11:09:56","guid":{"rendered":"\/?page_id=3809"},"modified":"2025-11-06T18:41:19","modified_gmt":"2025-11-06T16:41:19","slug":"where-to-buy","status":"publish","type":"page","link":"https:\/\/www.larnitech.com\/de\/where-to-buy\/","title":{"rendered":"Filiale"},"content":{"rendered":"","protected":false},"excerpt":{"rendered":"","protected":false},"author":1,"featured_media":0,"parent":0,"menu_order":0,"comment_status":"closed","ping_status":"closed","template":"page-templates\/buy.php","meta":{"inline_featured_image":false,"footnotes":""},"class_list":["post-3809","page","type-page","status-publish","hentry"],"acf":[],"yoast_head":"<!-- This site is optimized with the Yoast SEO Premium plugin v19.0.1 (Yoast SEO v19.12) - https:\/\/yoast.com\/wordpress\/plugins\/seo\/ -->\n<title>Ausr\u00fcstung von \u3010Larnitech\u3011 eingef\u00fchrt<\/title>\n<meta name=\"description\" content=\"\u3010Larnitech\u3011 in diesen L\u00e4ndern vertreten. \u23e9 Smarte L\u00f6sungen f\u00fcr Zuhause, B\u00fcro oder Wohnung. \u2b50Schulung, technischer Support f\u00fcr Installateure\" \/>\n<meta name=\"robots\" content=\"index, follow, max-snippet:-1, max-image-preview:large, max-video-preview:-1\" \/>\n<meta property=\"og:locale\" content=\"de_DE\" \/>\n<meta property=\"og:type\" content=\"article\" \/>\n<meta property=\"og:title\" content=\"Filiale\" \/>\n<meta property=\"og:description\" content=\"\u3010Larnitech\u3011 in diesen L\u00e4ndern vertreten. \u23e9 Smarte L\u00f6sungen f\u00fcr Zuhause, B\u00fcro oder Wohnung. \u2b50Schulung, technischer Support f\u00fcr Installateure\" \/>\n<meta property=\"og:url\" content=\"https:\/\/www.larnitech.com\/de\/where-to-buy\/\" \/>\n<meta property=\"og:site_name\" content=\"Larnitech\" \/>\n<meta property=\"article:modified_time\" content=\"2025-11-06T16:41:19+00:00\" \/>\n<meta name=\"twitter:card\" content=\"summary_large_image\" \/>\n<script type=\"application\/ld+json\" class=\"yoast-schema-graph\">{\"@context\":\"https:\/\/schema.org\",\"@graph\":[{\"@type\":\"WebPage\",\"@id\":\"https:\/\/www.larnitech.com\/de\/where-to-buy\/\",\"url\":\"https:\/\/www.larnitech.com\/de\/where-to-buy\/\",\"name\":\"Ausr\u00fcstung von \u3010Larnitech\u3011 eingef\u00fchrt\",\"isPartOf\":{\"@id\":\"https:\/\/www.larnitech.com\/#website\"},\"datePublished\":\"2022-06-24T11:09:56+00:00\",\"dateModified\":\"2025-11-06T16:41:19+00:00\",\"description\":\"\u3010Larnitech\u3011 in diesen L\u00e4ndern vertreten. \u23e9 Smarte L\u00f6sungen f\u00fcr Zuhause, B\u00fcro oder Wohnung. \u2b50Schulung, technischer Support f\u00fcr Installateure\",\"breadcrumb\":{\"@id\":\"https:\/\/www.larnitech.com\/de\/where-to-buy\/#breadcrumb\"},\"inLanguage\":\"de\",\"potentialAction\":[{\"@type\":\"ReadAction\",\"target\":[\"https:\/\/www.larnitech.com\/de\/where-to-buy\/\"]}]},{\"@type\":\"BreadcrumbList\",\"@id\":\"https:\/\/www.larnitech.com\/de\/where-to-buy\/#breadcrumb\",\"itemListElement\":[{\"@type\":\"ListItem\",\"position\":1,\"name\":\"Home\",\"item\":\"https:\/\/www.larnitech.com\/de\/\"},{\"@type\":\"ListItem\",\"position\":2,\"name\":\"Filiale\"}]},{\"@type\":\"WebSite\",\"@id\":\"https:\/\/www.larnitech.com\/#website\",\"url\":\"https:\/\/www.larnitech.com\/\",\"name\":\"Larnitech\",\"description\":\"\",\"publisher\":{\"@id\":\"https:\/\/www.larnitech.com\/#organization\"},\"potentialAction\":[{\"@type\":\"SearchAction\",\"target\":{\"@type\":\"EntryPoint\",\"urlTemplate\":\"https:\/\/www.larnitech.com\/?s={search_term_string}\"},\"query-input\":\"required name=search_term_string\"}],\"inLanguage\":\"de\"},{\"@type\":\"Organization\",\"@id\":\"https:\/\/www.larnitech.com\/#organization\",\"name\":\"Larnitech\",\"url\":\"https:\/\/www.larnitech.com\/\",\"logo\":{\"@type\":\"ImageObject\",\"inLanguage\":\"de\",\"@id\":\"https:\/\/www.larnitech.com\/#\/schema\/logo\/image\/\",\"url\":\"https:\/\/www.larnitech.com\/wp-content\/uploads\/2022\/01\/logo_white.png\",\"contentUrl\":\"https:\/\/www.larnitech.com\/wp-content\/uploads\/2022\/01\/logo_white.png\",\"width\":1262,\"height\":274,\"caption\":\"Larnitech\"},\"image\":{\"@id\":\"https:\/\/www.larnitech.com\/#\/schema\/logo\/image\/\"}}]}<\/script>\n<!-- \/ Yoast SEO Premium plugin. -->","yoast_head_json":{"title":"Ausr\u00fcstung von \u3010Larnitech\u3011 eingef\u00fchrt","description":"\u3010Larnitech\u3011 in diesen L\u00e4ndern vertreten. \u23e9 Smarte L\u00f6sungen f\u00fcr Zuhause, B\u00fcro oder Wohnung. \u2b50Schulung, technischer Support f\u00fcr Installateure","robots":{"index":"index","follow":"follow","max-snippet":"max-snippet:-1","max-image-preview":"max-image-preview:large","max-video-preview":"max-video-preview:-1"},"og_locale":"de_DE","og_type":"article","og_title":"Filiale","og_description":"\u3010Larnitech\u3011 in diesen L\u00e4ndern vertreten. \u23e9 Smarte L\u00f6sungen f\u00fcr Zuhause, B\u00fcro oder Wohnung. \u2b50Schulung, technischer Support f\u00fcr Installateure","og_url":"https:\/\/www.larnitech.com\/de\/where-to-buy\/","og_site_name":"Larnitech","article_modified_time":"2025-11-06T16:41:19+00:00","twitter_card":"summary_large_image","schema":{"@context":"https:\/\/schema.org","@graph":[{"@type":"WebPage","@id":"https:\/\/www.larnitech.com\/de\/where-to-buy\/","url":"https:\/\/www.larnitech.com\/de\/where-to-buy\/","name":"Ausr\u00fcstung von \u3010Larnitech\u3011 eingef\u00fchrt","isPartOf":{"@id":"https:\/\/www.larnitech.com\/#website"},"datePublished":"2022-06-24T11:09:56+00:00","dateModified":"2025-11-06T16:41:19+00:00","description":"\u3010Larnitech\u3011 in diesen L\u00e4ndern vertreten. \u23e9 Smarte L\u00f6sungen f\u00fcr Zuhause, B\u00fcro oder Wohnung. \u2b50Schulung, technischer Support f\u00fcr Installateure","breadcrumb":{"@id":"https:\/\/www.larnitech.com\/de\/where-to-buy\/#breadcrumb"},"inLanguage":"de","potentialAction":[{"@type":"ReadAction","target":["https:\/\/www.larnitech.com\/de\/where-to-buy\/"]}]},{"@type":"BreadcrumbList","@id":"https:\/\/www.larnitech.com\/de\/where-to-buy\/#breadcrumb","itemListElement":[{"@type":"ListItem","position":1,"name":"Home","item":"https:\/\/www.larnitech.com\/de\/"},{"@type":"ListItem","position":2,"name":"Filiale"}]},{"@type":"WebSite","@id":"https:\/\/www.larnitech.com\/#website","url":"https:\/\/www.larnitech.com\/","name":"Larnitech","description":"","publisher":{"@id":"https:\/\/www.larnitech.com\/#organization"},"potentialAction":[{"@type":"SearchAction","target":{"@type":"EntryPoint","urlTemplate":"https:\/\/www.larnitech.com\/?s={search_term_string}"},"query-input":"required name=search_term_string"}],"inLanguage":"de"},{"@type":"Organization","@id":"https:\/\/www.larnitech.com\/#organization","name":"Larnitech","url":"https:\/\/www.larnitech.com\/","logo":{"@type":"ImageObject","inLanguage":"de","@id":"https:\/\/www.larnitech.com\/#\/schema\/logo\/image\/","url":"https:\/\/www.larnitech.com\/wp-content\/uploads\/2022\/01\/logo_white.png","contentUrl":"https:\/\/www.larnitech.com\/wp-content\/uploads\/2022\/01\/logo_white.png","width":1262,"height":274,"caption":"Larnitech"},"image":{"@id":"https:\/\/www.larnitech.com\/#\/schema\/logo\/image\/"}}]}},"_links":{"self":[{"href":"https:\/\/www.larnitech.com\/de\/wp-json\/wp\/v2\/pages\/3809","targetHints":{"allow":["GET"]}}],"collection":[{"href":"https:\/\/www.larnitech.com\/de\/wp-json\/wp\/v2\/pages"}],"about":[{"href":"https:\/\/www.larnitech.com\/de\/wp-json\/wp\/v2\/types\/page"}],"author":[{"embeddable":true,"href":"https:\/\/www.larnitech.com\/de\/wp-json\/wp\/v2\/users\/1"}],"replies":[{"embeddable":true,"href":"https:\/\/www.larnitech.com\/de\/wp-json\/wp\/v2\/comments?post=3809"}],"version-history":[{"count":22,"href":"https:\/\/www.larnitech.com\/de\/wp-json\/wp\/v2\/pages\/3809\/revisions"}],"predecessor-version":[{"id":15821,"href":"https:\/\/www.larnitech.com\/de\/wp-json\/wp\/v2\/pages\/3809\/revisions\/15821"}],"wp:attachment":[{"href":"https:\/\/www.larnitech.com\/de\/wp-json\/wp\/v2\/media?parent=3809"}],"curies":[{"name":"wp","href":"https:\/\/api.w.org\/{rel}","templated":true}]}}