{"id":3807,"date":"2022-06-23T11:24:44","date_gmt":"2022-06-23T08:24:44","guid":{"rendered":"\/?page_id=3807"},"modified":"2022-09-22T19:08:43","modified_gmt":"2022-09-22T16:08:43","slug":"smart-office","status":"publish","type":"page","link":"https:\/\/www.larnitech.com\/de\/smart-office\/","title":{"rendered":"Smart B\u00fcros"},"content":{"rendered":"","protected":false},"excerpt":{"rendered":"","protected":false},"author":1,"featured_media":0,"parent":0,"menu_order":0,"comment_status":"closed","ping_status":"closed","template":"page-templates\/project.php","meta":{"inline_featured_image":false,"footnotes":""},"class_list":["post-3807","page","type-page","status-publish","hentry"],"acf":[],"yoast_head":"<!-- This site is optimized with the Yoast SEO Premium plugin v19.0.1 (Yoast SEO v19.12) - https:\/\/yoast.com\/wordpress\/plugins\/seo\/ -->\n<title>Smart Office \u2013 Smart Home Systeme von \u3010Larnitech\u3011<\/title>\n<meta name=\"description\" content=\"Smart-Home-System f\u00fcr das B\u00fcro von \u3010Larnitech\u3011\u23e9 Hardware \u26a1Software \u26a1Webservices f\u00fcr die komplexe Automatisierung Ihres B\u00fcros. \u2b50Schulung und technischer Support\" \/>\n<meta name=\"robots\" content=\"index, follow, max-snippet:-1, max-image-preview:large, max-video-preview:-1\" \/>\n<meta property=\"og:locale\" content=\"de_DE\" \/>\n<meta property=\"og:type\" content=\"article\" \/>\n<meta property=\"og:title\" content=\"Smart B\u00fcros\" \/>\n<meta property=\"og:description\" content=\"Smart-Home-System f\u00fcr das B\u00fcro von \u3010Larnitech\u3011\u23e9 Hardware \u26a1Software \u26a1Webservices f\u00fcr die komplexe Automatisierung Ihres B\u00fcros. \u2b50Schulung und technischer Support\" \/>\n<meta property=\"og:url\" content=\"https:\/\/www.larnitech.com\/de\/smart-office\/\" \/>\n<meta property=\"og:site_name\" content=\"Larnitech\" \/>\n<meta property=\"article:modified_time\" content=\"2022-09-22T16:08:43+00:00\" \/>\n<meta name=\"twitter:card\" content=\"summary_large_image\" \/>\n<script type=\"application\/ld+json\" class=\"yoast-schema-graph\">{\"@context\":\"https:\/\/schema.org\",\"@graph\":[{\"@type\":\"WebPage\",\"@id\":\"https:\/\/www.larnitech.com\/de\/smart-office\/\",\"url\":\"https:\/\/www.larnitech.com\/de\/smart-office\/\",\"name\":\"Smart Office \u2013 Smart Home Systeme von \u3010Larnitech\u3011\",\"isPartOf\":{\"@id\":\"https:\/\/www.larnitech.com\/#website\"},\"datePublished\":\"2022-06-23T08:24:44+00:00\",\"dateModified\":\"2022-09-22T16:08:43+00:00\",\"description\":\"Smart-Home-System f\u00fcr das B\u00fcro von \u3010Larnitech\u3011\u23e9 Hardware \u26a1Software \u26a1Webservices f\u00fcr die komplexe Automatisierung Ihres B\u00fcros. \u2b50Schulung und technischer Support\",\"breadcrumb\":{\"@id\":\"https:\/\/www.larnitech.com\/de\/smart-office\/#breadcrumb\"},\"inLanguage\":\"de\",\"potentialAction\":[{\"@type\":\"ReadAction\",\"target\":[\"https:\/\/www.larnitech.com\/de\/smart-office\/\"]}]},{\"@type\":\"BreadcrumbList\",\"@id\":\"https:\/\/www.larnitech.com\/de\/smart-office\/#breadcrumb\",\"itemListElement\":[{\"@type\":\"ListItem\",\"position\":1,\"name\":\"Home\",\"item\":\"https:\/\/www.larnitech.com\/de\/\"},{\"@type\":\"ListItem\",\"position\":2,\"name\":\"Smart B\u00fcros\"}]},{\"@type\":\"WebSite\",\"@id\":\"https:\/\/www.larnitech.com\/#website\",\"url\":\"https:\/\/www.larnitech.com\/\",\"name\":\"Larnitech\",\"description\":\"\",\"publisher\":{\"@id\":\"https:\/\/www.larnitech.com\/#organization\"},\"potentialAction\":[{\"@type\":\"SearchAction\",\"target\":{\"@type\":\"EntryPoint\",\"urlTemplate\":\"https:\/\/www.larnitech.com\/?s={search_term_string}\"},\"query-input\":\"required name=search_term_string\"}],\"inLanguage\":\"de\"},{\"@type\":\"Organization\",\"@id\":\"https:\/\/www.larnitech.com\/#organization\",\"name\":\"Larnitech\",\"url\":\"https:\/\/www.larnitech.com\/\",\"logo\":{\"@type\":\"ImageObject\",\"inLanguage\":\"de\",\"@id\":\"https:\/\/www.larnitech.com\/#\/schema\/logo\/image\/\",\"url\":\"https:\/\/www.larnitech.com\/wp-content\/uploads\/2022\/01\/logo_white.png\",\"contentUrl\":\"https:\/\/www.larnitech.com\/wp-content\/uploads\/2022\/01\/logo_white.png\",\"width\":1262,\"height\":274,\"caption\":\"Larnitech\"},\"image\":{\"@id\":\"https:\/\/www.larnitech.com\/#\/schema\/logo\/image\/\"}}]}<\/script>\n<!-- \/ Yoast SEO Premium plugin. -->","yoast_head_json":{"title":"Smart Office \u2013 Smart Home Systeme von \u3010Larnitech\u3011","description":"Smart-Home-System f\u00fcr das B\u00fcro von \u3010Larnitech\u3011\u23e9 Hardware \u26a1Software \u26a1Webservices f\u00fcr die komplexe Automatisierung Ihres B\u00fcros. \u2b50Schulung und technischer Support","robots":{"index":"index","follow":"follow","max-snippet":"max-snippet:-1","max-image-preview":"max-image-preview:large","max-video-preview":"max-video-preview:-1"},"og_locale":"de_DE","og_type":"article","og_title":"Smart B\u00fcros","og_description":"Smart-Home-System f\u00fcr das B\u00fcro von \u3010Larnitech\u3011\u23e9 Hardware \u26a1Software \u26a1Webservices f\u00fcr die komplexe Automatisierung Ihres B\u00fcros. \u2b50Schulung und technischer Support","og_url":"https:\/\/www.larnitech.com\/de\/smart-office\/","og_site_name":"Larnitech","article_modified_time":"2022-09-22T16:08:43+00:00","twitter_card":"summary_large_image","schema":{"@context":"https:\/\/schema.org","@graph":[{"@type":"WebPage","@id":"https:\/\/www.larnitech.com\/de\/smart-office\/","url":"https:\/\/www.larnitech.com\/de\/smart-office\/","name":"Smart Office \u2013 Smart Home Systeme von \u3010Larnitech\u3011","isPartOf":{"@id":"https:\/\/www.larnitech.com\/#website"},"datePublished":"2022-06-23T08:24:44+00:00","dateModified":"2022-09-22T16:08:43+00:00","description":"Smart-Home-System f\u00fcr das B\u00fcro von \u3010Larnitech\u3011\u23e9 Hardware \u26a1Software \u26a1Webservices f\u00fcr die komplexe Automatisierung Ihres B\u00fcros. \u2b50Schulung und technischer Support","breadcrumb":{"@id":"https:\/\/www.larnitech.com\/de\/smart-office\/#breadcrumb"},"inLanguage":"de","potentialAction":[{"@type":"ReadAction","target":["https:\/\/www.larnitech.com\/de\/smart-office\/"]}]},{"@type":"BreadcrumbList","@id":"https:\/\/www.larnitech.com\/de\/smart-office\/#breadcrumb","itemListElement":[{"@type":"ListItem","position":1,"name":"Home","item":"https:\/\/www.larnitech.com\/de\/"},{"@type":"ListItem","position":2,"name":"Smart B\u00fcros"}]},{"@type":"WebSite","@id":"https:\/\/www.larnitech.com\/#website","url":"https:\/\/www.larnitech.com\/","name":"Larnitech","description":"","publisher":{"@id":"https:\/\/www.larnitech.com\/#organization"},"potentialAction":[{"@type":"SearchAction","target":{"@type":"EntryPoint","urlTemplate":"https:\/\/www.larnitech.com\/?s={search_term_string}"},"query-input":"required name=search_term_string"}],"inLanguage":"de"},{"@type":"Organization","@id":"https:\/\/www.larnitech.com\/#organization","name":"Larnitech","url":"https:\/\/www.larnitech.com\/","logo":{"@type":"ImageObject","inLanguage":"de","@id":"https:\/\/www.larnitech.com\/#\/schema\/logo\/image\/","url":"https:\/\/www.larnitech.com\/wp-content\/uploads\/2022\/01\/logo_white.png","contentUrl":"https:\/\/www.larnitech.com\/wp-content\/uploads\/2022\/01\/logo_white.png","width":1262,"height":274,"caption":"Larnitech"},"image":{"@id":"https:\/\/www.larnitech.com\/#\/schema\/logo\/image\/"}}]}},"_links":{"self":[{"href":"https:\/\/www.larnitech.com\/de\/wp-json\/wp\/v2\/pages\/3807","targetHints":{"allow":["GET"]}}],"collection":[{"href":"https:\/\/www.larnitech.com\/de\/wp-json\/wp\/v2\/pages"}],"about":[{"href":"https:\/\/www.larnitech.com\/de\/wp-json\/wp\/v2\/types\/page"}],"author":[{"embeddable":true,"href":"https:\/\/www.larnitech.com\/de\/wp-json\/wp\/v2\/users\/1"}],"replies":[{"embeddable":true,"href":"https:\/\/www.larnitech.com\/de\/wp-json\/wp\/v2\/comments?post=3807"}],"version-history":[{"count":4,"href":"https:\/\/www.larnitech.com\/de\/wp-json\/wp\/v2\/pages\/3807\/revisions"}],"predecessor-version":[{"id":3939,"href":"https:\/\/www.larnitech.com\/de\/wp-json\/wp\/v2\/pages\/3807\/revisions\/3939"}],"wp:attachment":[{"href":"https:\/\/www.larnitech.com\/de\/wp-json\/wp\/v2\/media?parent=3807"}],"curies":[{"name":"wp","href":"https:\/\/api.w.org\/{rel}","templated":true}]}}