{"id":3805,"date":"2022-06-23T16:13:03","date_gmt":"2022-06-23T13:13:03","guid":{"rendered":"\/?page_id=3805"},"modified":"2023-02-04T19:51:58","modified_gmt":"2023-02-04T17:51:58","slug":"smart-home","status":"publish","type":"page","link":"https:\/\/www.larnitech.com\/de\/smart-home\/","title":{"rendered":"Das intelligente Haus mit Larnitech ist:"},"content":{"rendered":"<h2>Larnitech &#8211; moderne Ausstattung f\u00fcr ein intelligentes Zuhause<\/h2>\n<p>Was ist ein &#8220;intelligentes Zuhause&#8221; vom Hersteller? Warum sind solche Systeme l\u00e4ngst von der Kategorie &#8220;unzug\u00e4nglich und elit\u00e4r&#8221; in die Kategorie &#8220;Must-Have&#8221; f\u00fcr jeden, der Komfort, Zuverl\u00e4ssigkeit und Sicherheit zu sch\u00e4tzen wei\u00df, \u00fcbergegangen?<\/p>\n<p>Smart Home sind Systeme zur Steuerung und Verwaltung der Funktionen Ihres Zuhauses, die aktiv in unser Leben integriert werden. Sie machen das Leben viel einfacher, indem sie praktisch die gesamte Pflege und Sicherheit Ihres Zuhauses auf die &#8220;Schultern&#8221; der Elektronik legen.<\/p>\n<p>Was ist die Ausstattung f\u00fcr ein Smart-Home-System? Dazu geh\u00f6ren Brand-, Rauch-, Kohlendioxid- und Leckagesensoren sowie Bewegungsmelder, CCTV-Kameras, intelligente Gegensprechanlagen usw.<\/p>\n<p>Diese Systeme steuern das Mikroklima, die Beleuchtung, die Heizung und die Bel\u00fcftung. Alle Stromz\u00e4hler werden vom Smart Home gesteuert, dessen Daten an das Wohnungsamt gesendet werden, ebenso wie die h\u00e4uslichen Multimediasysteme und alle Haushaltsger\u00e4te (Waschmaschinen, Herde, K\u00fchlschr\u00e4nke usw.). Sie laufen automatisch oder nach vorgefertigten Szenarien.<\/p>\n<p>Heutzutage k\u00f6nnen Sie Ihr Zuhause unter dem zuverl\u00e4ssigen Schutz eines Smart Home verlassen: Bei unbefugtem Eindringen, Rauch oder Anzeichen von \u00dcberschwemmungen senden kleine Sensoren und F\u00fchler einen Alarm an Ihr Telefon sowie an die Servicefirma.<\/p>\n<h2>Was sind die Smart-Home-Systeme<\/h2>\n<p>Die Vielfalt der Smart Home-Systeme ist gro\u00df: kabelgebunden, drahtlos, zentral, dezentral, hybrid, Internet der Dinge.<\/p>\n<p>Sehen wir uns die Hauptunterschiede zwischen kabelgebundenen und drahtlosen Systemen an.<\/p>\n<p>Der Funktionsumfang drahtloser Systeme ist wesentlich geringer als die kabelgebundenen Systeme. Au\u00dferdem arbeiten drahtlose Systeme recht unzuverl\u00e4ssig und k\u00f6nnen im entscheidenden Moment leicht ausfallen.<\/p>\n<p>Das kabelgebundene System erm\u00f6glicht es Ihnen, das Projekt technisch zu durchdenken, w\u00e4hrend das drahtlose System an die vorhandene Verkabelung angepasst werden muss. Die \u00dcbertragungsgeschwindigkeit in einem kabelgebundenen System ist um ein Vielfaches h\u00f6her als in einem drahtlosen System.<\/p>\n<p>Das kabelgebundene System erm\u00f6glicht es Ihnen, Sicherungskopien des Systems (Backups) zu erstellen, d.h. wenn etwas schief geht, k\u00f6nnen Sie jederzeit die vorherige Version wiederherstellen und m\u00fcssen nicht alles neu einstellen.<\/p>\n<p>Ein gro\u00dfer Vorteil des kabelgebundenen Systems ist, dass es im Gegensatz zum drahtlosen System weiter funktioniert, wenn das Internet zu Hause ausf\u00e4llt.<\/p>\n<p>Da der Gro\u00dfteil der Sensoren in den W\u00e4nden des Hauses &#8220;versteckt&#8221; werden kann, f\u00e4llt das kabelgebundene System weniger auf und st\u00f6rt das Design nicht.<\/p>\n<p>Die Hauptvorteile eines kabelgebundenen Systems gegen\u00fcber einem drahtlosen System sind also folgende:<\/p>\n<ul>\n<li>Zuverl\u00e4ssigkeit<\/li>\n<li>Stabilit\u00e4t der Arbeit<\/li>\n<li>Formfaktor<\/li>\n<li>interne Logik<\/li>\n<li>Geschwindigkeit der Daten\u00fcbertragung<\/li>\n<li>Einheitliches \u00d6kosystem<\/li>\n<\/ul>\n<h3>F\u00fcr wen kann das interessant sein<\/h3>\n<p>Potenzielle K\u00e4ufer von Smart-Home-Systemen von Larnitech sind Personen, die eine Renovierung, den Kauf einer neuen Wohnung oder den Bau eines Hauses planen. Diese Menschen sind in der Regel aktiv an Innovationen und Technologien interessiert und streben danach, fortschrittlich zu sein und mit der Zeit zu gehen.<\/p>\n<p>F\u00fcr sie sind Komfort und absolute Sicherheit in ihrem eigenen Zuhause wichtig. Sie wollen ihre Zeit nicht mit T\u00e4tigkeiten vergeuden, die man Smart-Home Systemen anvertrauen kann.<\/p>\n<p>Potenzielle Kunden k\u00f6nnen auch sein:<\/p>\n<ul>\n<li>Entwickler<\/li>\n<li>Designer<\/li>\n<li>Architekten<\/li>\n<li>Besitzer von Restaurants, Kliniken, B\u00fcrozentren.<\/li>\n<\/ul>\n<p>Durch die Automatisierung ihrer R\u00e4umlichkeiten optimieren sie ihr Unternehmen und steigern dementsprechend ihre Rentabilit\u00e4t. F\u00fcr sie ist es wichtig, Ressourcen zu sparen, Kosten zu kontrollieren und die Verwaltung zu optimieren.<\/p>\n<h3>Wie erfolgt die Installation des &#8220;Smart Home&#8221;?<\/h3>\n<p>Das System muss in der Phase der Sanierung installiert werden, da sein zuverl\u00e4ssiger Betrieb die Verlegung von Kabeln in den W\u00e4nden oder im Boden erfordert. Die Fachleute von Larnitech empfehlen, das System zun\u00e4chst f\u00fcr die Grundfunktionen zu konfigurieren (Beleuchtung, Klima, Leckage, Schutz gegen Eindringen). In Zukunft kann die Funktionalit\u00e4t verbessert und erweitert werden.<\/p>\n<p>Es ist wichtig zu verstehen, dass nur Fachleute das System installieren sollten. Es gibt viele Feinheiten, die selbst f\u00fcr einen qualifizierten Elektriker, der nicht \u00fcber die n\u00f6tige Erfahrung verf\u00fcgt, manchmal schwer zu bew\u00e4ltigen sind.<\/p>\n<p>Der Versuch, das System selbst oder unter Hinzuziehung von Fachleuten zu installieren, kann zum Ausfall des gesamten Systems w\u00e4hrend des Starts f\u00fchren. Im schlimmsten Fall f\u00fchrt dies zum Ausfall aller Haushaltsger\u00e4te.<\/p>\n<p>Vergewissern Sie sich vor der Bestellung und Installation des Systems, dass das Unternehmen \u00fcber Servicezentren verf\u00fcgt, die Garantieleistungen erbringen, und dass seine Fachleute eine spezielle Ausbildung absolviert haben, die durch entsprechende Zertifikate nachgewiesen wird.<\/p>\n<p>Ein qualitativ hochwertiges Projekt von Smart-Home-Systemen sollte die Besonderheiten und Eigenheiten des Lebens eines jeden Hausbesitzers ber\u00fccksichtigen. Wenn Sie zum Beispiel h\u00e4ufig au\u00dfer Haus sind, liegt der Schwerpunkt auf der Zuverl\u00e4ssigkeit von Sicherheitssystemen und Video\u00fcberwachung.<\/p>\n<h3>Wer sind wir<\/h3>\n<p>Larnitech ist ein bekannter deutscher Hersteller von Ger\u00e4ten f\u00fcr die Automatisierung von privaten und gewerblichen R\u00e4umen.<\/p>\n<p>&#8220;Die Smart-Home-L\u00f6sungen unseres Unternehmens sind ein einziges Steuerungs- und Verwaltungssystem mit einer bequemen und zug\u00e4nglichen Schnittstelle. Wir verwenden sowohl drahtgebundene als auch drahtlose Kommunikationssysteme.<\/p>\n<p>Wir haben auch unsere eigene App Larnitech entwickelt, die folgende Funktionen steuert:<\/p>\n<ul>\n<li>Klima in allen R\u00e4umen (Temperatur, Feuchtigkeit, Bel\u00fcftung)<\/li>\n<li>Beleuchtungssysteme<\/li>\n<li>\u00d6ffnen und Schlie\u00dfen von T\u00fcren und Fenstern<\/li>\n<li>Multimedia-Ausstattung<\/li>\n<li>elektrische Haushaltsger\u00e4te<\/li>\n<li>Wasseraustritt<\/li>\n<li>Rauchen in den R\u00e4umlichkeiten<\/li>\n<li>Kohlendioxidgehalt und vieles mehr.<\/li>\n<\/ul>\n<p>Das sind moderne, hocheffiziente und vorgefertigte L\u00f6sungen, die das Hausmanagement erleichtern.<\/p>\n<h3>Vorteile der Nutzung von Larnitech<\/h3>\n<p>Warum sollten Sie Smart-Home-Systeme in unserem Unternehmen kaufen? Smart Home von Larnitech ist:<\/p>\n<ul>\n<li>Das vollkommene System, vom einfachsten Sensor bis zur Software und zum Webdienst.<\/li>\n<li>Ein System mit verteilter Intelligenz: Wenn eine Steuerung, ein Modul oder ein Sensor ausf\u00e4llt, funktionieren alle anderen Ger\u00e4te weiter.<\/li>\n<li>Benutzerfreundliche App mit vielen Funktionen, die sogar ein Kind nutzen kann.<\/li>\n<li>Fernzugriff f\u00fcr den Installateur: Alle \u00c4nderungen k\u00f6nnen vorgenommen werden, ohne die Anlage zu betreten.<\/li>\n<li>Durch die Einsparung von bis zu 30 % der Energieressourcen kann sich die Investition in ein intelligentes Haus schnell amortisieren.<\/li>\n<li>Hightech- und umweltfreundliche Produkte, die nicht viel Platz ben\u00f6tigen und das Design nicht beeintr\u00e4chtigen.<\/li>\n<li>Apps f\u00fcr Android, IOS, Linux, Windows.<\/li>\n<li>Zuverl\u00e4ssigkeit: Kabelgebundene Systeme sind immer zuverl\u00e4ssiger als drahtlose.<\/li>\n<\/ul>\n<p>Wir sind f\u00fcr die Qualit\u00e4t verantwortlich und gew\u00e4hren 2 Jahre Garantie auf die Ger\u00e4te.<\/p>\n<p>Erw\u00e4hnenswert ist die Preispolitik: Im Vergleich zu anderen Unternehmen sind unsere Preise niedriger als der Marktdurchschnitt, aber gleichzeitig erhalten Sie ein Produkt von h\u00f6chster deutscher Qualit\u00e4t. Mit anderen Worten: Wir bieten die Funktionalit\u00e4t der f\u00fchrenden Marktteilnehmer zu den g\u00fcnstigsten Preisen.<\/p>\n<p>Das Smart Home System von Larnitech hilft, Ressourcen zu sparen, erh\u00f6ht die Sicherheit in Ihrem Haus und bietet volle Kontrolle \u00fcber Beleuchtung, Klimaanlagen, Video und Sound.<\/p>\n<p>Verschiedene &#8220;Szenarien&#8221; sind einfach zu implementieren und laufen automatisch ab, so dass die meisten Routineaufgaben f\u00fcr Sie erledigt werden.<\/p>\n<p>Ihr Smart Home steuert die Temperatur in verschiedenen R\u00e4umen, passt das Heizsystem Ihren Bed\u00fcrfnissen an, bew\u00e4ssert Pflanzen, f\u00fcttert Ihre Haustiere, \u00fcberwacht Solarpaneele, um deren maximale Effizienz zu gew\u00e4hrleisten, schaltet das Licht in R\u00e4umen aus, die gerade nicht benutzt werden, spielt Ihre Lieblingsmusik, wenn Sie es w\u00fcnschen, und macht sogar Ihren Morgenkaffee!<\/p>\n<p>Ihr Haus ist im Falle eines Wasser- oder Gasaustritts gesch\u00fctzt. Es kommuniziert mit Ihnen \u00fcber das Telefon und sendet Ihnen Benachrichtigungen \u00fcber Dinge, die Ihre Aufmerksamkeit erfordern.<\/p>\n<p>Sie steuern alles in Ihrem Haus mit einem Knopfdruck und verwalten es von \u00fcberall aus, unabh\u00e4ngig von der Entfernung!<\/p>\n","protected":false},"excerpt":{"rendered":"<p>Larnitech &#8211; moderne Ausstattung f\u00fcr ein intelligentes Zuhause Was ist ein &#8220;intelligentes Zuhause&#8221; vom Hersteller? Warum sind solche Systeme l\u00e4ngst von der Kategorie &#8220;unzug\u00e4nglich und elit\u00e4r&#8221; in die Kategorie &#8220;Must-Have&#8221; f\u00fcr jeden, der Komfort, Zuverl\u00e4ssigkeit und Sicherheit zu sch\u00e4tzen wei\u00df, \u00fcbergegangen? Smart Home sind Systeme zur Steuerung und Verwaltung der Funktionen Ihres Zuhauses, die aktiv&#8230;<\/p>\n","protected":false},"author":1,"featured_media":0,"parent":0,"menu_order":0,"comment_status":"closed","ping_status":"closed","template":"page-templates\/project.php","meta":{"inline_featured_image":false,"footnotes":""},"class_list":["post-3805","page","type-page","status-publish","hentry"],"acf":[],"yoast_head":"<!-- This site is optimized with the Yoast SEO Premium plugin v19.0.1 (Yoast SEO v19.12) - https:\/\/yoast.com\/wordpress\/plugins\/seo\/ -->\n<title>Smart Home - Automatisierungssysteme von \u3010Larnitech\u3011<\/title>\n<meta name=\"description\" content=\"Smart-Home-Ger\u00e4te von \u3010Larnitech\u3011\u23e9 Hardware \u26a1Software \u26a1Webservices f\u00fcr komplexe Heimb\u00fcro- oder Wohnungsautomatisierung. \u2b50Schulung und technischer Support\" \/>\n<meta name=\"robots\" content=\"index, follow, max-snippet:-1, max-image-preview:large, max-video-preview:-1\" \/>\n<meta property=\"og:locale\" content=\"de_DE\" \/>\n<meta property=\"og:type\" content=\"article\" \/>\n<meta property=\"og:title\" content=\"Das intelligente Haus mit Larnitech ist:\" \/>\n<meta property=\"og:description\" content=\"Smart-Home-Ger\u00e4te von \u3010Larnitech\u3011\u23e9 Hardware \u26a1Software \u26a1Webservices f\u00fcr komplexe Heimb\u00fcro- oder Wohnungsautomatisierung. \u2b50Schulung und technischer Support\" \/>\n<meta property=\"og:url\" content=\"https:\/\/www.larnitech.com\/de\/smart-home\/\" \/>\n<meta property=\"og:site_name\" content=\"Larnitech\" \/>\n<meta property=\"article:modified_time\" content=\"2023-02-04T17:51:58+00:00\" \/>\n<meta name=\"twitter:card\" content=\"summary_large_image\" \/>\n<meta name=\"twitter:label1\" content=\"Gesch\u00e4tzte Lesezeit\" \/>\n\t<meta name=\"twitter:data1\" content=\"5\u00a0Minuten\" \/>\n<script type=\"application\/ld+json\" class=\"yoast-schema-graph\">{\"@context\":\"https:\/\/schema.org\",\"@graph\":[{\"@type\":\"WebPage\",\"@id\":\"https:\/\/www.larnitech.com\/de\/smart-home\/\",\"url\":\"https:\/\/www.larnitech.com\/de\/smart-home\/\",\"name\":\"Smart Home - Automatisierungssysteme von \u3010Larnitech\u3011\",\"isPartOf\":{\"@id\":\"https:\/\/www.larnitech.com\/#website\"},\"datePublished\":\"2022-06-23T13:13:03+00:00\",\"dateModified\":\"2023-02-04T17:51:58+00:00\",\"description\":\"Smart-Home-Ger\u00e4te von \u3010Larnitech\u3011\u23e9 Hardware \u26a1Software \u26a1Webservices f\u00fcr komplexe Heimb\u00fcro- oder Wohnungsautomatisierung. \u2b50Schulung und technischer Support\",\"breadcrumb\":{\"@id\":\"https:\/\/www.larnitech.com\/de\/smart-home\/#breadcrumb\"},\"inLanguage\":\"de\",\"potentialAction\":[{\"@type\":\"ReadAction\",\"target\":[\"https:\/\/www.larnitech.com\/de\/smart-home\/\"]}]},{\"@type\":\"BreadcrumbList\",\"@id\":\"https:\/\/www.larnitech.com\/de\/smart-home\/#breadcrumb\",\"itemListElement\":[{\"@type\":\"ListItem\",\"position\":1,\"name\":\"Home\",\"item\":\"https:\/\/www.larnitech.com\/de\/\"},{\"@type\":\"ListItem\",\"position\":2,\"name\":\"Das intelligente Haus mit Larnitech ist:\"}]},{\"@type\":\"WebSite\",\"@id\":\"https:\/\/www.larnitech.com\/#website\",\"url\":\"https:\/\/www.larnitech.com\/\",\"name\":\"Larnitech\",\"description\":\"\",\"publisher\":{\"@id\":\"https:\/\/www.larnitech.com\/#organization\"},\"potentialAction\":[{\"@type\":\"SearchAction\",\"target\":{\"@type\":\"EntryPoint\",\"urlTemplate\":\"https:\/\/www.larnitech.com\/?s={search_term_string}\"},\"query-input\":\"required name=search_term_string\"}],\"inLanguage\":\"de\"},{\"@type\":\"Organization\",\"@id\":\"https:\/\/www.larnitech.com\/#organization\",\"name\":\"Larnitech\",\"url\":\"https:\/\/www.larnitech.com\/\",\"logo\":{\"@type\":\"ImageObject\",\"inLanguage\":\"de\",\"@id\":\"https:\/\/www.larnitech.com\/#\/schema\/logo\/image\/\",\"url\":\"https:\/\/www.larnitech.com\/wp-content\/uploads\/2022\/01\/logo_white.png\",\"contentUrl\":\"https:\/\/www.larnitech.com\/wp-content\/uploads\/2022\/01\/logo_white.png\",\"width\":1262,\"height\":274,\"caption\":\"Larnitech\"},\"image\":{\"@id\":\"https:\/\/www.larnitech.com\/#\/schema\/logo\/image\/\"}}]}<\/script>\n<!-- \/ Yoast SEO Premium plugin. -->","yoast_head_json":{"title":"Smart Home - Automatisierungssysteme von \u3010Larnitech\u3011","description":"Smart-Home-Ger\u00e4te von \u3010Larnitech\u3011\u23e9 Hardware \u26a1Software \u26a1Webservices f\u00fcr komplexe Heimb\u00fcro- oder Wohnungsautomatisierung. \u2b50Schulung und technischer Support","robots":{"index":"index","follow":"follow","max-snippet":"max-snippet:-1","max-image-preview":"max-image-preview:large","max-video-preview":"max-video-preview:-1"},"og_locale":"de_DE","og_type":"article","og_title":"Das intelligente Haus mit Larnitech ist:","og_description":"Smart-Home-Ger\u00e4te von \u3010Larnitech\u3011\u23e9 Hardware \u26a1Software \u26a1Webservices f\u00fcr komplexe Heimb\u00fcro- oder Wohnungsautomatisierung. \u2b50Schulung und technischer Support","og_url":"https:\/\/www.larnitech.com\/de\/smart-home\/","og_site_name":"Larnitech","article_modified_time":"2023-02-04T17:51:58+00:00","twitter_card":"summary_large_image","twitter_misc":{"Gesch\u00e4tzte Lesezeit":"5\u00a0Minuten"},"schema":{"@context":"https:\/\/schema.org","@graph":[{"@type":"WebPage","@id":"https:\/\/www.larnitech.com\/de\/smart-home\/","url":"https:\/\/www.larnitech.com\/de\/smart-home\/","name":"Smart Home - Automatisierungssysteme von \u3010Larnitech\u3011","isPartOf":{"@id":"https:\/\/www.larnitech.com\/#website"},"datePublished":"2022-06-23T13:13:03+00:00","dateModified":"2023-02-04T17:51:58+00:00","description":"Smart-Home-Ger\u00e4te von \u3010Larnitech\u3011\u23e9 Hardware \u26a1Software \u26a1Webservices f\u00fcr komplexe Heimb\u00fcro- oder Wohnungsautomatisierung. \u2b50Schulung und technischer Support","breadcrumb":{"@id":"https:\/\/www.larnitech.com\/de\/smart-home\/#breadcrumb"},"inLanguage":"de","potentialAction":[{"@type":"ReadAction","target":["https:\/\/www.larnitech.com\/de\/smart-home\/"]}]},{"@type":"BreadcrumbList","@id":"https:\/\/www.larnitech.com\/de\/smart-home\/#breadcrumb","itemListElement":[{"@type":"ListItem","position":1,"name":"Home","item":"https:\/\/www.larnitech.com\/de\/"},{"@type":"ListItem","position":2,"name":"Das intelligente Haus mit Larnitech ist:"}]},{"@type":"WebSite","@id":"https:\/\/www.larnitech.com\/#website","url":"https:\/\/www.larnitech.com\/","name":"Larnitech","description":"","publisher":{"@id":"https:\/\/www.larnitech.com\/#organization"},"potentialAction":[{"@type":"SearchAction","target":{"@type":"EntryPoint","urlTemplate":"https:\/\/www.larnitech.com\/?s={search_term_string}"},"query-input":"required name=search_term_string"}],"inLanguage":"de"},{"@type":"Organization","@id":"https:\/\/www.larnitech.com\/#organization","name":"Larnitech","url":"https:\/\/www.larnitech.com\/","logo":{"@type":"ImageObject","inLanguage":"de","@id":"https:\/\/www.larnitech.com\/#\/schema\/logo\/image\/","url":"https:\/\/www.larnitech.com\/wp-content\/uploads\/2022\/01\/logo_white.png","contentUrl":"https:\/\/www.larnitech.com\/wp-content\/uploads\/2022\/01\/logo_white.png","width":1262,"height":274,"caption":"Larnitech"},"image":{"@id":"https:\/\/www.larnitech.com\/#\/schema\/logo\/image\/"}}]}},"_links":{"self":[{"href":"https:\/\/www.larnitech.com\/de\/wp-json\/wp\/v2\/pages\/3805","targetHints":{"allow":["GET"]}}],"collection":[{"href":"https:\/\/www.larnitech.com\/de\/wp-json\/wp\/v2\/pages"}],"about":[{"href":"https:\/\/www.larnitech.com\/de\/wp-json\/wp\/v2\/types\/page"}],"author":[{"embeddable":true,"href":"https:\/\/www.larnitech.com\/de\/wp-json\/wp\/v2\/users\/1"}],"replies":[{"embeddable":true,"href":"https:\/\/www.larnitech.com\/de\/wp-json\/wp\/v2\/comments?post=3805"}],"version-history":[{"count":24,"href":"https:\/\/www.larnitech.com\/de\/wp-json\/wp\/v2\/pages\/3805\/revisions"}],"predecessor-version":[{"id":5265,"href":"https:\/\/www.larnitech.com\/de\/wp-json\/wp\/v2\/pages\/3805\/revisions\/5265"}],"wp:attachment":[{"href":"https:\/\/www.larnitech.com\/de\/wp-json\/wp\/v2\/media?parent=3805"}],"curies":[{"name":"wp","href":"https:\/\/api.w.org\/{rel}","templated":true}]}}