{"id":3604,"date":"2022-09-08T15:03:49","date_gmt":"2022-09-08T12:03:49","guid":{"rendered":"\/?page_id=3604"},"modified":"2023-05-23T10:34:51","modified_gmt":"2023-05-23T07:34:51","slug":"about","status":"publish","type":"page","link":"https:\/\/www.larnitech.com\/de\/about\/","title":{"rendered":"\u00dcber Uns"},"content":{"rendered":"<p>In der modernen Welt erleben wir ein nie dagewesenes Wachstum der Informationstechnologie.<\/p>\n<p>Wir bei Larnitech sind uns dieser Entwicklung bewusst und tun alles, was wir k\u00f6nnen, um zur Innovation der Smart-Home-Technologie beizutragen. Wir streben eine f\u00fchrende Position in unserer Marktnische an. Mit unseren umweltfreundlichen High-Tech-Produkten tragen wir dazu bei, die nat\u00fcrlichen Ressourcen der Welt zu schonen und unsere Mission zu erf\u00fcllen, modernen Lifestyle zu entwickeln, der fortschrittliche Ideen, Komfort und Sicherheit vereint.<\/p>\n<h2>Wer wir sind<\/h2>\n<p>Larnitech ist ein deutscher Hersteller von Ger\u00e4ten zur Automatisierung von privaten und gewerblichen R\u00e4umen. Wir sind sicher: Alles, was in Ihrem Haushalt manuell erledigt wird, kann und sollte automatisiert werden.<\/p>\n<p><img loading=\"lazy\" decoding=\"async\" class=\"aligncenter wp-image-3857 size-large\" src=\"\/wp-content\/uploads\/2022\/09\/YOUR-HOME-CAN-BE-SMART-1024x768.jpg\" alt=\"\" width=\"800\" height=\"600\" srcset=\"https:\/\/www.larnitech.com\/wp-content\/uploads\/2022\/09\/YOUR-HOME-CAN-BE-SMART-1024x768.jpg 1024w, https:\/\/www.larnitech.com\/wp-content\/uploads\/2022\/09\/YOUR-HOME-CAN-BE-SMART-300x225.jpg 300w, https:\/\/www.larnitech.com\/wp-content\/uploads\/2022\/09\/YOUR-HOME-CAN-BE-SMART-768x576.jpg 768w, https:\/\/www.larnitech.com\/wp-content\/uploads\/2022\/09\/YOUR-HOME-CAN-BE-SMART-1536x1152.jpg 1536w, https:\/\/www.larnitech.com\/wp-content\/uploads\/2022\/09\/YOUR-HOME-CAN-BE-SMART.jpg 1926w\" sizes=\"auto, (max-width: 800px) 100vw, 800px\" \/><\/p>\n<p>&nbsp;<\/p>\n<p>&#8220;Die Smart-Home-L\u00f6sungen unseres Unternehmens sind ein einziges Steuerungs- und Verwaltungssystem mit einer bequemen und zug\u00e4nglichen Schnittstelle. Wir haben unsere eigene App Larnitech entwickelt, mit der sich das System \u00fcber mobile Ger\u00e4te steuern l\u00e4sst. Die App ist f\u00fcr iOS, Android, Linux und Windows geeignet und kann kostenlos aus dem App Store und Play Market heruntergeladen werden. Die intuitive Benutzeroberfl\u00e4che der App mit ihren vielen Funktionen und Merkmalen ist so einfach zu bedienen, dass selbst ein Kind sie leicht beherrschen kann.<\/p>\n<p>L\u00f6sungen aus unserem Hause sind effektiv und einfach zugleich, wie der ber\u00fchmte LEGO-Baukasten. Wir bieten eine Reihe von Elementen an, aus denen Sie eine minimale Automatisierung mit grundlegenden Funktionen oder eine extrem fortgeschrittene mit einer maximalen Anzahl von Funktionen erstellen k\u00f6nnen.<\/p>\n<p><b>Smart Home von Larnitech ist:<\/b><\/p>\n<ul>\n<li>Komfort und Gem\u00fctlichkeit in Ihrem Zuhause<\/li>\n<li>Vollst\u00e4ndige Sicherheit vor Eindringen, Leckagen, Br\u00e4nden<\/li>\n<li>Einsparung von Ressourcen und Zeit<\/li>\n<\/ul>\n<p>Mit Larnitech k\u00fcmmern Sie sich nicht um das Haus, sondern es k\u00fcmmert sich um Sie!<\/p>\n<h2>Geschichte des Unternehmens<\/h2>\n<p>Larnitech wurde 2014 in K\u00f6ln, Deutschland, gegr\u00fcndet. In den ersten Jahren unserer T\u00e4tigkeit haben wir die Ger\u00e4te unter Verwendung eigener Technologien in Fabriken Dritter hergestellt. Im Jahr 2019 haben wir unsere eigene Produktion gestartet, ein Vollkreislaufwerk er\u00f6ffnet und sind von K\u00f6ln nach Freudenberg umgezogen.<\/p>\n<p>In dieser Zeit haben unsere Spezialisten drei Generationen von Smart Home-Ger\u00e4ten entwickelt und verbessert. Derzeit werden unsere Produkte in mehr als 20 L\u00e4nder importiert, und die Zahl der installierten Smart-Home-Systeme geht in die Zehntausende.<\/p>\n<h2>Wodurch unterscheiden wir uns von unseren Mitbewerbern?<\/h2>\n<p>Unsere Ger\u00e4te sind einfach, aber gleichzeitig sehr effektiv und leicht zu erlernen. Die Systemkomponenten arbeiten nach dem Prinzip Plug &amp; Play &#8211; schnelles Einrichten und Inbetriebnehmen, was bei Wettbewerbern viel l\u00e4nger dauert.<\/p>\n<p>Wir bieten:<\/p>\n<ul>\n<li>hohe Qualit\u00e4t<\/li>\n<li>erschwinglicher Preis<\/li>\n<li>breite Funktionalit\u00e4t<\/li>\n<li>Individuelle Anpassung f\u00fcr jeden Kunden<\/li>\n<li>einfaches System von Programmierfunktionen<\/li>\n<li>Online-Support und die M\u00f6glichkeit zur Fernkonfiguration des Systems durch unseren Spezialisten<\/li>\n<\/ul>\n<p>Ein weiterer Vorteil unseres Systems ist, dass es sich st\u00e4ndig selbst auf Fehler \u00fcberwacht. Wenn ein Problem auftritt, werden Sie oft nicht einmal davon wissen, weil unser H\u00e4ndler eine Fehlermeldung im H\u00e4ndlerbedienfeld sieht und das Problem aus der Ferne behebt.<\/p>\n<p>Wir bieten auch eine einzigartige L\u00f6sung auf dem Markt an &#8211; den Metaforsa-Bausatz. Dies ist ein universeller Bausatz mit grundlegenden Automatisierungsfunktionen. Es ist einfach zu installieren und sofort einsatzbereit.<\/p>\n<p>Wir verwenden sowohl ein kabelgebundenes Kommunikationssystem, das zuverl\u00e4ssiger und langlebiger ist und keinen \u00e4u\u00dferen Einfl\u00fcssen unterliegt, als auch ein drahtloses System.<\/p>\n<h2>Kabelgebundenes System<\/h2>\n<p>Alle Ger\u00e4te sind \u00fcber Datenbusse verbunden. Die Hauptvorteile dieses Systemtyps sind:<\/p>\n<ul>\n<li>Hohe Reaktionsf\u00e4higkeit, eine schnelle und zuverl\u00e4ssige Art der Datenkommunikation<\/li>\n<li>Einfache Installation<\/li>\n<li>Gro\u00dfe Auswahl an Ger\u00e4ten<\/li>\n<li>Effiziente Sicherheitsfunktionen<\/li>\n<li>Lange Dienstzeit<\/li>\n<li>Das System hat keine batteriebetriebenen Ger\u00e4te, die einen regelm\u00e4\u00dfigen Batteriewechsel erfordern<\/li>\n<\/ul>\n<h2>Kabelloses System<\/h2>\n<p>Diese Art von System verwendet einen Funkkanal, der verwendet wird, um die Signale von der Steuervorrichtung zu den ausf\u00fchrenden Einheiten zu \u00fcbertragen.<br \/>\nDie Hauptvorteile dieses Systems sind:<\/p>\n<ul>\n<li>Erhebliche Einsparung \u2013 bei der Installation des Systems m\u00fcssen keine Kabel verlegt werden, was die Kosten f\u00fcr Verbrauchsmaterial und Arbeit reduziert<\/li>\n<li>Flexible und einfache Systeminstallation<\/li>\n<li>M\u00f6glichkeit, das aktuelle System einfach zu erweitern<\/li>\n<\/ul>\n<h2>Vorteile der Zusammenarbeit mit dem Unternehmen<\/h2>\n<p>Warum sollten Sie unser Smart-Home-System installieren?<\/p>\n<p>Bei unserer Arbeit verwenden wir die modernsten europ\u00e4ischen Ger\u00e4te, die wir in unserem eigenen Vollkreislaufwerk herstellen.<\/p>\n<p>Unsere H\u00e4ndler sind Profis mit langj\u00e4hriger Erfahrung, die das System so schnell und effizient wie m\u00f6glich installieren und dabei alle Ihre W\u00fcnsche ber\u00fccksichtigen.<\/p>\n<p>Fernzugriff f\u00fcr den Installateur: Alle \u00c4nderungen k\u00f6nnen vorgenommen werden, ohne vor Ort zu sein.<\/p>\n<p>Die Funktionalit\u00e4t unserer Ger\u00e4te erm\u00f6glicht es Ihnen, alle Aspekte der Verwaltung in Ihrem Haus, Ihrer Wohnung oder Ihrem B\u00fcro zu kontrollieren. Sensoren geben ein Signal, wenn Wasser oder Gas ausl\u00e4uft, Bewegungssensoren schalten die Kameras ein, und Sie erhalten ein Bild auf Ihrem Smartphone oder Tablet, wenn ein Unbefugter eindringt.<\/p>\n<p>Der Benutzer hat auch die M\u00f6glichkeit, das Beleuchtungssystem in jedem Raum zu steuern, elektrische Ger\u00e4te, die Klimaanlage oder das Musikcenter nach Zeitplan einzuschalten. Au\u00dferdem kann all dies sowohl direkt im Zimmer als auch aus der Ferne &#8211; zum Beispiel auf dem Heimweg &#8211; erfolgen.<\/p>\n<p>Das intelligente Haus kann von jedem Ger\u00e4t aus gesteuert werden &#8211; Sie k\u00f6nnen ein Smartphone, ein Tablet, einen Laptop oder sogar eine intelligente Uhr verwenden. Eine einzigartige, von unserem Unternehmen entwickelte App zur Steuerung der Funktionen von Smart Home sowie eine vorgefertigte L\u00f6sung &#8220;out of the box&#8221; erm\u00f6glichen es Ihnen, Ihr Zuhause in einen modernen, multifunktionalen und komfortablen Raum zum Leben und Arbeiten zu verwandeln.<\/p>\n<p><img loading=\"lazy\" decoding=\"async\" class=\"aligncenter wp-image-3861 size-large\" src=\"\/wp-content\/uploads\/2022\/09\/SMART-HOME-WITH-LARNITECH-is-1024x768.jpg\" alt=\"\" width=\"800\" height=\"600\" srcset=\"https:\/\/www.larnitech.com\/wp-content\/uploads\/2022\/09\/SMART-HOME-WITH-LARNITECH-is-1024x768.jpg 1024w, https:\/\/www.larnitech.com\/wp-content\/uploads\/2022\/09\/SMART-HOME-WITH-LARNITECH-is-300x225.jpg 300w, https:\/\/www.larnitech.com\/wp-content\/uploads\/2022\/09\/SMART-HOME-WITH-LARNITECH-is-768x576.jpg 768w, https:\/\/www.larnitech.com\/wp-content\/uploads\/2022\/09\/SMART-HOME-WITH-LARNITECH-is-1536x1152.jpg 1536w, https:\/\/www.larnitech.com\/wp-content\/uploads\/2022\/09\/SMART-HOME-WITH-LARNITECH-is.jpg 1926w\" sizes=\"auto, (max-width: 800px) 100vw, 800px\" \/><\/p>\n<h3>SCHNITTSTELLENMODULE<\/h3>\n<p>Die Schnittstellenmodule erm\u00f6glichen die Integration verschiedener Ger\u00e4te in ein einheitliches Automatisierungs- und Steuerungssystem (Solarmodule, Messger\u00e4te, W\u00e4rmepumpen usw.)<\/p>\n<h3>INNOVATIVE HIGHTECH-HARDWARE<\/h3>\n<p>Durch den Einsatz hochwertiger Komponenten konnten wir die hohe Funktionalit\u00e4t unserer Ger\u00e4te kombinieren und Abmessungen, Gewicht und Energieverbrauch m\u00f6glichst gering halten.<\/p>\n<p>Das System verwendet Mikrosensoren und kompakte Steuereinheiten, die die Innengestaltung Ihres Hauses nicht merklich ver\u00e4ndern.<\/p>\n<h3>ZUVERL\u00c4SSIGKEIT VON LARNITECH SMART HOME SYSTEM<\/h3>\n<p>Basierend auf dem Prinzip der \u201cverteilten Logik\u201d verf\u00fcgt unser System \u00fcber keine zentrale Einheit, was die Zuverl\u00e4ssigkeit erheblich erh\u00f6ht. Einzelne Netzwerkkomponenten kommunizieren miteinander und f\u00fchren ihre eigenen Funktionen basierend auf den Informationen aus, die von anderen Einheiten empfangen werden.<\/p>\n<p>MESH-Technologie wurde verwendet, um das drahtlose System zu erstellen, das seine hohe Zuverl\u00e4ssigkeit gew\u00e4hrleistet. Alle Systemkomponenten interagieren miteinander, um die Aufgabe auf die effizienteste Weise zu erledigen.<\/p>\n<h3>FLEXIBILIT\u00c4T DES SYSTEMS<\/h3>\n<p>Aufgrund der verteilten Logik ist das System leicht erweiterbar, sodass Sie viele verschiedene Ger\u00e4te anschlie\u00dfen k\u00f6nnen und somit die Systemfunktionalit\u00e4t erweitern. Benutzer k\u00f6nnen bestimmte Systemeinstellungen ohne spezielle Unterst\u00fctzung \u00e4ndern.<\/p>\n<h3>RESSOURCEN\u00d6KONOMIE<\/h3>\n<p>Smart Home vereint alle Systeme und sorgt f\u00fcr einen reibungslosen und effektiven Betrieb. Die Energieeffizienz wird in erster Linie durch die Automatisierung von Beleuchtung und Klimatisierung erreicht. Die Statistiken der Sensormesswerte und der Verwendung von Elektroger\u00e4ten werden zur Optimierung des Energieverbrauchs verwendet.<\/p>\n<div class=\"partner_auth_button pt-5 pb-5 text-center\"><a class=\"btn btn-primary\" href=\"https:\/\/drive.google.com\/file\/d\/1w5d8En7KvDpmlNpw6I3SdXy6gyQ7OlWR\/view?usp=share_link\" target=\"_blank\" rel=\"nofollow noopener\">Die Pr\u00e4sentation downloaden<\/a><\/div>\n","protected":false},"excerpt":{"rendered":"<p>In der modernen Welt erleben wir ein nie dagewesenes Wachstum der Informationstechnologie. Wir bei Larnitech sind uns dieser Entwicklung bewusst und tun alles, was wir k\u00f6nnen, um zur Innovation der Smart-Home-Technologie beizutragen. Wir streben eine f\u00fchrende Position in unserer Marktnische an. Mit unseren umweltfreundlichen High-Tech-Produkten tragen wir dazu bei, die nat\u00fcrlichen Ressourcen der Welt zu&#8230;<\/p>\n","protected":false},"author":1,"featured_media":0,"parent":0,"menu_order":0,"comment_status":"closed","ping_status":"closed","template":"","meta":{"inline_featured_image":false,"footnotes":""},"class_list":["post-3604","page","type-page","status-publish","hentry"],"acf":[],"yoast_head":"<!-- This site is optimized with the Yoast SEO Premium plugin v19.0.1 (Yoast SEO v19.12) - https:\/\/yoast.com\/wordpress\/plugins\/seo\/ -->\n<title>\u00dcber Uns - Larnitech<\/title>\n<meta name=\"description\" content=\"\u00dcber die Firma Larnitech \u23e9 Hardware \u26a1Software \u26a1Webservices f\u00fcr ein smartes Home Office oder Apartment. \u2b50Schulung und technischer Support\" \/>\n<meta name=\"robots\" content=\"index, follow, max-snippet:-1, max-image-preview:large, max-video-preview:-1\" \/>\n<meta property=\"og:locale\" content=\"de_DE\" \/>\n<meta property=\"og:type\" content=\"article\" \/>\n<meta property=\"og:title\" content=\"\u00dcber Uns\" \/>\n<meta property=\"og:description\" content=\"\u00dcber die Firma Larnitech \u23e9 Hardware \u26a1Software \u26a1Webservices f\u00fcr ein smartes Home Office oder Apartment. \u2b50Schulung und technischer Support\" \/>\n<meta property=\"og:url\" content=\"https:\/\/www.larnitech.com\/de\/about\/\" \/>\n<meta property=\"og:site_name\" content=\"Larnitech\" \/>\n<meta property=\"article:modified_time\" content=\"2023-05-23T07:34:51+00:00\" \/>\n<meta name=\"twitter:card\" content=\"summary_large_image\" \/>\n<meta name=\"twitter:label1\" content=\"Gesch\u00e4tzte Lesezeit\" \/>\n\t<meta name=\"twitter:data1\" content=\"7\u00a0Minuten\" \/>\n<script type=\"application\/ld+json\" class=\"yoast-schema-graph\">{\"@context\":\"https:\/\/schema.org\",\"@graph\":[{\"@type\":\"WebPage\",\"@id\":\"https:\/\/www.larnitech.com\/de\/about\/\",\"url\":\"https:\/\/www.larnitech.com\/de\/about\/\",\"name\":\"\u00dcber Uns - Larnitech\",\"isPartOf\":{\"@id\":\"https:\/\/www.larnitech.com\/#website\"},\"datePublished\":\"2022-09-08T12:03:49+00:00\",\"dateModified\":\"2023-05-23T07:34:51+00:00\",\"description\":\"\u00dcber die Firma Larnitech \u23e9 Hardware \u26a1Software \u26a1Webservices f\u00fcr ein smartes Home Office oder Apartment. \u2b50Schulung und technischer Support\",\"breadcrumb\":{\"@id\":\"https:\/\/www.larnitech.com\/de\/about\/#breadcrumb\"},\"inLanguage\":\"de\",\"potentialAction\":[{\"@type\":\"ReadAction\",\"target\":[\"https:\/\/www.larnitech.com\/de\/about\/\"]}]},{\"@type\":\"BreadcrumbList\",\"@id\":\"https:\/\/www.larnitech.com\/de\/about\/#breadcrumb\",\"itemListElement\":[{\"@type\":\"ListItem\",\"position\":1,\"name\":\"Home\",\"item\":\"https:\/\/www.larnitech.com\/de\/\"},{\"@type\":\"ListItem\",\"position\":2,\"name\":\"\u00dcber Uns\"}]},{\"@type\":\"WebSite\",\"@id\":\"https:\/\/www.larnitech.com\/#website\",\"url\":\"https:\/\/www.larnitech.com\/\",\"name\":\"Larnitech\",\"description\":\"\",\"publisher\":{\"@id\":\"https:\/\/www.larnitech.com\/#organization\"},\"potentialAction\":[{\"@type\":\"SearchAction\",\"target\":{\"@type\":\"EntryPoint\",\"urlTemplate\":\"https:\/\/www.larnitech.com\/?s={search_term_string}\"},\"query-input\":\"required name=search_term_string\"}],\"inLanguage\":\"de\"},{\"@type\":\"Organization\",\"@id\":\"https:\/\/www.larnitech.com\/#organization\",\"name\":\"Larnitech\",\"url\":\"https:\/\/www.larnitech.com\/\",\"logo\":{\"@type\":\"ImageObject\",\"inLanguage\":\"de\",\"@id\":\"https:\/\/www.larnitech.com\/#\/schema\/logo\/image\/\",\"url\":\"https:\/\/www.larnitech.com\/wp-content\/uploads\/2022\/01\/logo_white.png\",\"contentUrl\":\"https:\/\/www.larnitech.com\/wp-content\/uploads\/2022\/01\/logo_white.png\",\"width\":1262,\"height\":274,\"caption\":\"Larnitech\"},\"image\":{\"@id\":\"https:\/\/www.larnitech.com\/#\/schema\/logo\/image\/\"}}]}<\/script>\n<!-- \/ Yoast SEO Premium plugin. -->","yoast_head_json":{"title":"\u00dcber Uns - Larnitech","description":"\u00dcber die Firma Larnitech \u23e9 Hardware \u26a1Software \u26a1Webservices f\u00fcr ein smartes Home Office oder Apartment. \u2b50Schulung und technischer Support","robots":{"index":"index","follow":"follow","max-snippet":"max-snippet:-1","max-image-preview":"max-image-preview:large","max-video-preview":"max-video-preview:-1"},"og_locale":"de_DE","og_type":"article","og_title":"\u00dcber Uns","og_description":"\u00dcber die Firma Larnitech \u23e9 Hardware \u26a1Software \u26a1Webservices f\u00fcr ein smartes Home Office oder Apartment. \u2b50Schulung und technischer Support","og_url":"https:\/\/www.larnitech.com\/de\/about\/","og_site_name":"Larnitech","article_modified_time":"2023-05-23T07:34:51+00:00","twitter_card":"summary_large_image","twitter_misc":{"Gesch\u00e4tzte Lesezeit":"7\u00a0Minuten"},"schema":{"@context":"https:\/\/schema.org","@graph":[{"@type":"WebPage","@id":"https:\/\/www.larnitech.com\/de\/about\/","url":"https:\/\/www.larnitech.com\/de\/about\/","name":"\u00dcber Uns - Larnitech","isPartOf":{"@id":"https:\/\/www.larnitech.com\/#website"},"datePublished":"2022-09-08T12:03:49+00:00","dateModified":"2023-05-23T07:34:51+00:00","description":"\u00dcber die Firma Larnitech \u23e9 Hardware \u26a1Software \u26a1Webservices f\u00fcr ein smartes Home Office oder Apartment. \u2b50Schulung und technischer Support","breadcrumb":{"@id":"https:\/\/www.larnitech.com\/de\/about\/#breadcrumb"},"inLanguage":"de","potentialAction":[{"@type":"ReadAction","target":["https:\/\/www.larnitech.com\/de\/about\/"]}]},{"@type":"BreadcrumbList","@id":"https:\/\/www.larnitech.com\/de\/about\/#breadcrumb","itemListElement":[{"@type":"ListItem","position":1,"name":"Home","item":"https:\/\/www.larnitech.com\/de\/"},{"@type":"ListItem","position":2,"name":"\u00dcber Uns"}]},{"@type":"WebSite","@id":"https:\/\/www.larnitech.com\/#website","url":"https:\/\/www.larnitech.com\/","name":"Larnitech","description":"","publisher":{"@id":"https:\/\/www.larnitech.com\/#organization"},"potentialAction":[{"@type":"SearchAction","target":{"@type":"EntryPoint","urlTemplate":"https:\/\/www.larnitech.com\/?s={search_term_string}"},"query-input":"required name=search_term_string"}],"inLanguage":"de"},{"@type":"Organization","@id":"https:\/\/www.larnitech.com\/#organization","name":"Larnitech","url":"https:\/\/www.larnitech.com\/","logo":{"@type":"ImageObject","inLanguage":"de","@id":"https:\/\/www.larnitech.com\/#\/schema\/logo\/image\/","url":"https:\/\/www.larnitech.com\/wp-content\/uploads\/2022\/01\/logo_white.png","contentUrl":"https:\/\/www.larnitech.com\/wp-content\/uploads\/2022\/01\/logo_white.png","width":1262,"height":274,"caption":"Larnitech"},"image":{"@id":"https:\/\/www.larnitech.com\/#\/schema\/logo\/image\/"}}]}},"_links":{"self":[{"href":"https:\/\/www.larnitech.com\/de\/wp-json\/wp\/v2\/pages\/3604","targetHints":{"allow":["GET"]}}],"collection":[{"href":"https:\/\/www.larnitech.com\/de\/wp-json\/wp\/v2\/pages"}],"about":[{"href":"https:\/\/www.larnitech.com\/de\/wp-json\/wp\/v2\/types\/page"}],"author":[{"embeddable":true,"href":"https:\/\/www.larnitech.com\/de\/wp-json\/wp\/v2\/users\/1"}],"replies":[{"embeddable":true,"href":"https:\/\/www.larnitech.com\/de\/wp-json\/wp\/v2\/comments?post=3604"}],"version-history":[{"count":17,"href":"https:\/\/www.larnitech.com\/de\/wp-json\/wp\/v2\/pages\/3604\/revisions"}],"predecessor-version":[{"id":5428,"href":"https:\/\/www.larnitech.com\/de\/wp-json\/wp\/v2\/pages\/3604\/revisions\/5428"}],"wp:attachment":[{"href":"https:\/\/www.larnitech.com\/de\/wp-json\/wp\/v2\/media?parent=3604"}],"curies":[{"name":"wp","href":"https:\/\/api.w.org\/{rel}","templated":true}]}}